{"id":19852,"date":"2021-06-21T11:02:24","date_gmt":"2021-06-21T09:02:24","guid":{"rendered":"https:\/\/mtnconcept.net\/?page_id=19852"},"modified":"2021-09-01T10:54:53","modified_gmt":"2021-09-01T08:54:53","slug":"hinh-anh-thuong-hieu-doanh-nghiep","status":"publish","type":"page","link":"https:\/\/mtnconcept.net\/vi\/hinh-anh-thuong-hieu-doanh-nghiep\/","title":{"rendered":"H\u00ecnh \u1ea3nh th\u01b0\u01a1ng hi\u1ec7u"},"content":{"rendered":"<div class=\"gb-container gb-container-697e6f02\"><div class=\"gb-inside-container\">\n\n<h1 class=\"gb-headline gb-headline-6ece04c3 gb-headline-text\"><mark class=\"gb-highlight\">H\u00ccNH \u1ea2NH TH\u01af\u01a0NG HI\u1ec6U<\/mark><\/h1>\n\n<\/div><div class=\"gb-shapes\"><div class=\"gb-shape gb-shape-1\"><svg xmlns=\"http:\/\/www.w3.org\/2000\/svg\" viewBox=\"0 0 1200 70\" preserveAspectRatio=\"none\"><path d=\"M1200 0v70H0V0h530l70 50 70-50z\"\/><\/svg><\/div><\/div><\/div>\n\n<div class=\"gb-container gb-container-44fa19aa\"><div class=\"gb-inside-container\">\n<div class=\"gb-container gb-container-41d90b12\"><div class=\"gb-inside-container\">\n\n<p style=\"font-size:14px\">MTN Concept lu\u00f4n \u0111\u1ed3ng h\u00e0nh c\u00f9ng doanh nghi\u1ec7p t\u1eebng b\u01b0\u1edbc nh\u1eb1m x\u00e2y d\u1ef1ng th\u01b0\u01a1ng hi\u00eau, d\u1ecbch v\u1ee5, nh\u1eafm v\u00e0o \u0111i\u1ec3m m\u1ea1nh chuy\u00ean m\u00f4n, nh\u1eefng s\u1ea3n ph\u1ea9m \u0111\u1eb7c th\u00f9 sao cho chi\u1ebfn l\u01b0\u1ee3c kinh doanh c\u1ee7a doanh nghi\u1ec7p \u0111\u1ea1t hi\u1ec7u qu\u1ea3 t\u1ed1i \u01b0u nh\u1ea5t.<\/p>\n\n\n\n<p style=\"font-size:14px\">T\u1ea1o ra hay \u0111\u1ed5i m\u1edbi th\u01b0\u01a1ng hi\u1ec7u l\u00e0 m\u1ed9t y\u00eau c\u1ea7u ch\u1ee7 ch\u1ed1t nh\u1eb1m t\u1ea1o ra s\u1ef1 bi\u1ebfn \u0111\u1ed5i \u0111\u1eb7c bi\u1ec7t trong m\u1ed9t t\u1eadp \u0111o\u00e0n hay m\u1ed9t c\u00f4ng ty. Ch\u00fang t\u00f4i c\u1ea7n t\u00ecm hi\u1ec3u th\u01b0\u01a1ng hi\u1ec7u c\u1ee7a doanh nghi\u1ec7p tr\u00ean thi tr\u01b0\u1eddng, s\u1ef1 kh\u00e1c bi\u1ec7t c\u1ee7a doanh nghi\u1ec7p, \u0111\u1ed1i t\u01b0\u1ee3ng kh\u00e1ch h\u00e0ng c\u1ee7a doanh nghi\u1ec7p v\u00e0 h\u01a1n th\u1ebf n\u1eefa.<\/p>\n\n\n\n<p style=\"font-size:14px\">\u0110\u1ec3 th\u1ef1c x\u00e2y d\u1ef1ng th\u01b0\u01a1ng hi\u1ec7u cho doanh nghi\u1ec7p m\u1ed9t c\u00e1ch hi\u1ec7u qu\u1ea3 v\u00e0 t\u1ea1o ch\u1ed7 \u0111\u1ee9ng tr\u00ean th\u1ecb tr\u01b0\u1eddng c\u1ea1nh tranh kh\u1ed1c li\u1ec7t nh\u01b0 hi\u1ec7n nay, s\u1ef1 h\u1ee3p t\u00e1c v\u00e0 s\u1ef1 tin t\u01b0\u1edfng gi\u1eefa hai b\u00ean trong gia, s\u1ef1 h\u1ee3p t\u00e1c, s\u1ef1 tin t\u01b0\u1edfng gi\u1eefa hai b\u00ean trong giai \u0111o\u1ea1n n\u00e0y l\u00e0 \u0111i\u1ec1u th\u1ef1c s\u1ef1 quan tr\u1ecdng.<\/p>\n\n<\/div><\/div>\n\n<div class=\"gb-grid-wrapper gb-grid-wrapper-9be19d46\">\n<div class=\"gb-grid-column gb-grid-column-2a633377\"><div class=\"gb-container gb-container-2a633377\"><div class=\"gb-inside-container\">\n\n<h2 class=\"gb-headline gb-headline-6ec60f66\"><span class=\"gb-icon\"><svg xmlns=\"http:\/\/www.w3.org\/2000\/svg\" viewBox=\"0 0 256 512\" width=\"1em\" height=\"1em\" aria-hidden=\"true\"><path d=\"M224.3 273l-136 136c-9.4 9.4-24.6 9.4-33.9 0l-22.6-22.6c-9.4-9.4-9.4-24.6 0-33.9l96.4-96.4-96.4-96.4c-9.4-9.4-9.4-24.6 0-33.9L54.3 103c9.4-9.4 24.6-9.4 33.9 0l136 136c9.5 9.4 9.5 24.6.1 34z\" fill=\"currentColor\"><\/path><\/svg><\/span><span class=\"gb-headline-text\">T\u00caN, LOGO &amp; KH\u1ea8U HI\u1ec6U<\/span><\/h2>\n\n\n\n<p style=\"font-size:14px\">T\u00ean, logo v\u00e0 kh\u1ea9u hi\u1ec7u qu\u1ea3ng c\u00e1o \u0111\u01b0\u1ee3c thi\u1ebft k\u1ebf song song, th\u00f4ng qua phong c\u00e1ch thi\u1ebft k\u1ebf \u0111\u1ed3 h\u1ecda \u0111\u1eb7c th\u00f9 c\u1ee7a doanh nghi\u1ec7p, di\u1ec5n \u0111\u1ea1t c\u00e1c gi\u00e1 tr\u1ecb, ho\u1ea1t \u0111\u1ed9ng v\u00e0 tham v\u1ecdng c\u1ee7a doanh nghi\u1ec7p, \u0111\u01b0\u1ee3c th\u1ec3 hi\u1ec7n qua ki\u1ec3u d\u00e1ng, m\u00e0u s\u1eafc, h\u00ecnh \u1ea3nh, v\u0103n b\u1ea3n c\u0169ng nh\u01b0 c\u00e1ch \u0111\u1ecbnh d\u1ea1ng.<\/p>\n\n\n\n<p style=\"font-size:14px\">Ch\u00ednh nh\u1edd s\u1ef1 nh\u1ea5t qu\u00e1n trong c\u00e1ch l\u00e0m vi\u1ec7c v\u00e0 ph\u01b0\u01a1ng ph\u00e1p l\u00e0m vi\u1ec7c khoa h\u1ecdc, th\u01b0\u01a1ng hi\u1ec7u m\u1edbi c\u1ee7a doanh nghi\u1ec7p s\u1ebd \u0111\u01b0\u1ee3c \u0111\u01b0a ra th\u1ecb tr\u01b0\u1eddng m\u1ed9t c\u00e1ch \u1ea5n t\u01b0\u1ee3ng, m\u1ea1nh m\u1ebd v\u00e0 an to\u00e0n v\u1ec1 m\u1eb7t ph\u00e1p l\u00fd.<\/p>\n\n<\/div><\/div><\/div>\n\n<div class=\"gb-grid-column gb-grid-column-802a389c\"><div class=\"gb-container gb-container-802a389c\"><div class=\"gb-inside-container\">\n\n<h2 class=\"gb-headline gb-headline-8422cda6\"><span class=\"gb-icon\"><svg xmlns=\"http:\/\/www.w3.org\/2000\/svg\" viewBox=\"0 0 256 512\" width=\"1em\" height=\"1em\" aria-hidden=\"true\"><path d=\"M224.3 273l-136 136c-9.4 9.4-24.6 9.4-33.9 0l-22.6-22.6c-9.4-9.4-9.4-24.6 0-33.9l96.4-96.4-96.4-96.4c-9.4-9.4-9.4-24.6 0-33.9L54.3 103c9.4-9.4 24.6-9.4 33.9 0l136 136c9.5 9.4 9.5 24.6.1 34z\" fill=\"currentColor\"><\/path><\/svg><\/span><span class=\"gb-headline-text\">NH\u1eacN DI\u1ec6N TH\u01af\u01a0NG HI\u1ec6U<\/span><\/h2>\n\n\n\n<p style=\"font-size:14px\">Nh\u1eadn di\u1ec7n th\u01b0\u01a1ng hi\u1ec7u hay ki\u1ec3u d\u00e1ng c\u1ee7a th\u01b0\u01a1ng hi\u1ec7u l\u00e0 m\u1ed9t ph\u1ea7n t\u1eed nh\u1ea5t qu\u00e1n chung cho ph\u00e9p ch\u00fang ta nh\u1eadn ra th\u01b0\u01a1ng hi\u1ec7u s\u1ea3n ph\u1ea9m c\u1ee7a doanh nghi\u1ec7p th\u00f4ng qua c\u00e1c ph\u01b0\u01a1ng ti\u00ean truy\u1ec1n th\u00f4ng.<\/p>\n\n\n\n<p style=\"font-size:14px\">T\u1eeb vi\u1ec7c tr\u00ean, MTN Concept c\u00f2n c\u00f3 th\u1ec3 \u0111\u1ec1 xu\u1ea5t v\u1edbi doanh nghi\u1ec7p: nh\u00e3n hi\u1ec7u s\u1ea3n ph\u1ea9m th\u00f4ng qua nh\u1eefng t\u1ea5m card visit, ph\u00f2ng b\u00ec, ti\u00eau \u0111\u1ec1 th\u01b0 A4, b\u00eca h\u1ed3 s\u01a1 carton\u2026<\/p>\n\n\n\n<p style=\"font-size:14px\">V\u00e0 d\u0129 nhi\u00ean, nh\u1eefng h\u00ecnh \u1ea3nh tr\u00ean s\u1ebd \u0111\u01b0\u1ee3c th\u1ec3 hi\u1ec7n qua c\u00e1c trang m\u1ea1ng x\u00e3 h\u1ed9i v\u00e0 qua trang website c\u1ee7a doanh nghi\u1ec7p\u2026<\/p>\n\n<\/div><\/div><\/div>\n<\/div>\n<\/div><\/div>\n\n<div class=\"gb-container gb-container-aee9104e\"><div class=\"gb-inside-container\">\n\n<div class=\"wp-block-image\"><figure class=\"aligncenter size-large\"><img loading=\"lazy\" decoding=\"async\" width=\"1024\" height=\"681\" src=\"https:\/\/mtnconcept.net\/wp-content\/uploads\/2021\/05\/identite-visuelle-elite-1024x681.jpg\" alt=\"Identit\u00e9 visuelle - ELITE\" class=\"wp-image-19712\" srcset=\"https:\/\/mtnconcept.net\/wp-content\/uploads\/2021\/05\/identite-visuelle-elite-1024x681.jpg 1024w, https:\/\/mtnconcept.net\/wp-content\/uploads\/2021\/05\/identite-visuelle-elite-300x200.jpg 300w, https:\/\/mtnconcept.net\/wp-content\/uploads\/2021\/05\/identite-visuelle-elite-768x511.jpg 768w, https:\/\/mtnconcept.net\/wp-content\/uploads\/2021\/05\/identite-visuelle-elite.jpg 1160w\" sizes=\"auto, (max-width: 1024px) 100vw, 1024px\" \/><figcaption><span class=\"has-inline-color has-white-color\">H\u00ecnh \u1ea3nh th\u01b0\u01a1ng hi\u1ec7u c\u1ee7a ELITE<\/span><\/figcaption><\/figure><\/div>\n\n<\/div><div class=\"gb-shapes\"><div class=\"gb-shape gb-shape-1\"><svg xmlns=\"http:\/\/www.w3.org\/2000\/svg\" viewBox=\"0 0 1200 70\" preserveAspectRatio=\"none\"><path d=\"M1200 0v70H0V0h530l70 50 70-50z\"\/><\/svg><\/div><\/div><\/div>\n\n<div class=\"gb-container gb-container-2a46d77e\"><div class=\"gb-inside-container\">\n<div class=\"gb-grid-wrapper gb-grid-wrapper-90e1b6a2\">\n<div class=\"gb-grid-column gb-grid-column-5252d3da\"><div class=\"gb-container gb-container-5252d3da\"><div class=\"gb-inside-container\">\n\n<h2 class=\"gb-headline gb-headline-b55670ce gb-headline-text\">S\u1eec D\u1ee4NG <br>&amp;<br>M\u1eaaU THI\u1ebeT K\u1ebe.<\/h2>\n\n<\/div><\/div><\/div>\n\n<div class=\"gb-grid-column gb-grid-column-8295fdfc\"><div class=\"gb-container gb-container-8295fdfc\"><div class=\"gb-inside-container\">\n\n<ul class=\"has-black-color has-text-color wp-block-list\" style=\"font-size:14px\"><li>Cho c\u00e1c t\u1edd b\u01b0\u1edbm<\/li><li>\u1ea4n ph\u1ea9m<\/li><li>B\u1ea3ng qu\u1ea3ng c\u00e1o<\/li><li>C\u00e1c v\u1eadt d\u1ee5ng d\u00f9ng \u0111\u1ec3 qu\u1ea3ng c\u00e1o<\/li><li>Trang b\u00eca (cover) c\u00e1c m\u1ea1ng x\u00e3 h\u1ed9i<\/li><li>Qu\u1ea3ng c\u00e1o tr\u00ean c\u00e1c trang m\u1ea1ng x\u00e3 h\u1ed9i<\/li><li>T\u1ea7n su\u1ea5t hi\u1ec3n th\u1ecb tr\u00ean c\u00e1c trang m\u1ea1ng x\u00e3 h\u1ed9i<\/li><li>&#8230;<\/li><\/ul>\n\n<\/div><\/div><\/div>\n<\/div>\n<\/div><\/div>\n\n<div class=\"gb-container gb-container-3f4c162e\"><div class=\"gb-inside-container\">\n<div class=\"gb-grid-wrapper gb-grid-wrapper-18a92620\">\n<div class=\"gb-grid-column gb-grid-column-b6c8c5f7\"><div class=\"gb-container gb-container-b6c8c5f7\"><div class=\"gb-inside-container\">\n\n<div class=\"wp-block-image\"><figure class=\"aligncenter size-large\"><img loading=\"lazy\" decoding=\"async\" width=\"910\" height=\"607\" src=\"https:\/\/mtnconcept.net\/wp-content\/uploads\/2021\/05\/packaging-produits.png\" alt=\"packaging produits\" class=\"wp-image-19710\" srcset=\"https:\/\/mtnconcept.net\/wp-content\/uploads\/2021\/05\/packaging-produits.png 910w, https:\/\/mtnconcept.net\/wp-content\/uploads\/2021\/05\/packaging-produits-300x200.png 300w, https:\/\/mtnconcept.net\/wp-content\/uploads\/2021\/05\/packaging-produits-768x512.png 768w\" sizes=\"auto, (max-width: 910px) 100vw, 910px\" \/><figcaption>M\u1eabu thi\u1ebft k\u1ebf bao b\u00ec s\u1ea3n ph\u1ea9m c\u1ee7a HAPPY DAYS GREEN<\/figcaption><\/figure><\/div>\n\n<\/div><\/div><\/div>\n\n<div class=\"gb-grid-column gb-grid-column-a434e808\"><div class=\"gb-container gb-container-a434e808\"><div class=\"gb-inside-container\">\n\n<div class=\"wp-block-image\"><figure class=\"aligncenter size-large\"><img loading=\"lazy\" decoding=\"async\" width=\"1024\" height=\"687\" src=\"https:\/\/mtnconcept.net\/wp-content\/uploads\/2021\/05\/postcard-back-green-1024x687.jpg\" alt=\"\" class=\"wp-image-19719\" srcset=\"https:\/\/mtnconcept.net\/wp-content\/uploads\/2021\/05\/postcard-back-green-1024x687.jpg 1024w, https:\/\/mtnconcept.net\/wp-content\/uploads\/2021\/05\/postcard-back-green-300x201.jpg 300w, https:\/\/mtnconcept.net\/wp-content\/uploads\/2021\/05\/postcard-back-green-768x515.jpg 768w, https:\/\/mtnconcept.net\/wp-content\/uploads\/2021\/05\/postcard-back-green-1536x1031.jpg 1536w, https:\/\/mtnconcept.net\/wp-content\/uploads\/2021\/05\/postcard-back-green.jpg 1794w\" sizes=\"auto, (max-width: 1024px) 100vw, 1024px\" \/><figcaption>Thi\u1ec7p qu\u1ea3ng c\u00e1o c\u1ee7a GROWING WORLD VIETNAM<\/figcaption><\/figure><\/div>\n\n\n\n<p><\/p>\n\n<\/div><\/div><\/div>\n<\/div>\n\n<div class=\"gb-grid-wrapper gb-grid-wrapper-d97d075c\">\n<div class=\"gb-grid-column gb-grid-column-74f2a36f\"><div class=\"gb-container gb-container-74f2a36f\"><div class=\"gb-inside-container\">\n\n<div class=\"wp-block-image\"><figure class=\"aligncenter size-large\"><img loading=\"lazy\" decoding=\"async\" width=\"600\" height=\"262\" src=\"https:\/\/mtnconcept.net\/wp-content\/uploads\/2021\/05\/panneau-pub-tour-operateur-fr.jpg\" alt=\"\" class=\"wp-image-19781\" srcset=\"https:\/\/mtnconcept.net\/wp-content\/uploads\/2021\/05\/panneau-pub-tour-operateur-fr.jpg 600w, https:\/\/mtnconcept.net\/wp-content\/uploads\/2021\/05\/panneau-pub-tour-operateur-fr-300x131.jpg 300w\" sizes=\"auto, (max-width: 600px) 100vw, 600px\" \/><figcaption>B\u1ea3ng qu\u1ea3ng c\u00e1o (50*70 inch) c\u1ee7a ASIA TOUR TRAVEL<\/figcaption><\/figure><\/div>\n\n<\/div><\/div><\/div>\n\n<div class=\"gb-grid-column gb-grid-column-964e7eb0\"><div class=\"gb-container gb-container-964e7eb0\"><div class=\"gb-inside-container\">\n\n<div class=\"wp-block-image\"><figure class=\"aligncenter size-large\"><img loading=\"lazy\" decoding=\"async\" width=\"600\" height=\"262\" src=\"https:\/\/mtnconcept.net\/wp-content\/uploads\/2021\/05\/Billboard-tour-operator-en.jpg\" alt=\"\" class=\"wp-image-19782\" srcset=\"https:\/\/mtnconcept.net\/wp-content\/uploads\/2021\/05\/Billboard-tour-operator-en.jpg 600w, https:\/\/mtnconcept.net\/wp-content\/uploads\/2021\/05\/Billboard-tour-operator-en-300x131.jpg 300w\" sizes=\"auto, (max-width: 600px) 100vw, 600px\" \/><figcaption>B\u1ea3ng qu\u1ea3ng c\u00e1o (50*70 inch) c\u1ee7a ASIA TOUR TRAVEL<\/figcaption><\/figure><\/div>\n\n\n\n<p><\/p>\n\n<\/div><\/div><\/div>\n<\/div>\n<\/div><\/div>\n\n<div class=\"gb-container gb-container-1936b001\"><div class=\"gb-inside-container\">\n\n<h4 class=\"gb-headline gb-headline-81d0f96d\"><span class=\"gb-icon\"><svg aria-hidden=\"true\" role=\"img\" height=\"1em\" width=\"1em\" viewBox=\"0 0 384 512\" xmlns=\"http:\/\/www.w3.org\/2000\/svg\"><path fill=\"currentColor\" d=\"M97.12 362.63c-8.69-8.69-4.16-6.24-25.12-11.85-9.51-2.55-17.87-7.45-25.43-13.32L1.2 448.7c-4.39 10.77 3.81 22.47 15.43 22.03l52.69-2.01L105.56 507c8 8.44 22.04 5.81 26.43-4.96l52.05-127.62c-10.84 6.04-22.87 9.58-35.31 9.58-19.5 0-37.82-7.59-51.61-21.37zM382.8 448.7l-45.37-111.24c-7.56 5.88-15.92 10.77-25.43 13.32-21.07 5.64-16.45 3.18-25.12 11.85-13.79 13.78-32.12 21.37-51.62 21.37-12.44 0-24.47-3.55-35.31-9.58L252 502.04c4.39 10.77 18.44 13.4 26.43 4.96l36.25-38.28 52.69 2.01c11.62.44 19.82-11.27 15.43-22.03zM263 340c15.28-15.55 17.03-14.21 38.79-20.14 13.89-3.79 24.75-14.84 28.47-28.98 7.48-28.4 5.54-24.97 25.95-45.75 10.17-10.35 14.14-25.44 10.42-39.58-7.47-28.38-7.48-24.42 0-52.83 3.72-14.14-.25-29.23-10.42-39.58-20.41-20.78-18.47-17.36-25.95-45.75-3.72-14.14-14.58-25.19-28.47-28.98-27.88-7.61-24.52-5.62-44.95-26.41-10.17-10.35-25-14.4-38.89-10.61-27.87 7.6-23.98 7.61-51.9 0-13.89-3.79-28.72.25-38.89 10.61-20.41 20.78-17.05 18.8-44.94 26.41-13.89 3.79-24.75 14.84-28.47 28.98-7.47 28.39-5.54 24.97-25.95 45.75-10.17 10.35-14.15 25.44-10.42 39.58 7.47 28.36 7.48 24.4 0 52.82-3.72 14.14.25 29.23 10.42 39.59 20.41 20.78 18.47 17.35 25.95 45.75 3.72 14.14 14.58 25.19 28.47 28.98C104.6 325.96 106.27 325 121 340c13.23 13.47 33.84 15.88 49.74 5.82a39.676 39.676 0 0 1 42.53 0c15.89 10.06 36.5 7.65 49.73-5.82zM97.66 175.96c0-53.03 42.24-96.02 94.34-96.02s94.34 42.99 94.34 96.02-42.24 96.02-94.34 96.02-94.34-42.99-94.34-96.02z\"><\/path><\/svg><\/span><span class=\"gb-headline-text\">Ch\u00fang t\u00f4i lu\u00f4n \u0111\u1ed3ng h\u00e0nh c\u00f9ng v\u1edbi doanh nghi\u1ec7p trong m\u1ecdi t\u00ecnh hu\u1ed1ng, v\u1edbi m\u1ee9c chi ph\u00ed tr\u1ecdn g\u00f3i ho\u1eb7c t\u00f9y ch\u1ecdn ph\u00f9 h\u1ee3p v\u1edbi ng\u00e2n s\u00e1ch v\u00e0 v\u1edbi nhu c\u1ea7u \u0111\u1eb7c th\u00f9 c\u1ee7a doanh nghi\u1ec7p.<\/span><\/h4>\n\n\n\n<p class=\"gb-headline gb-headline-84a09884 gb-headline-text\"><\/p>\n\n<\/div><div class=\"gb-shapes\"><div class=\"gb-shape gb-shape-1\"><svg xmlns=\"http:\/\/www.w3.org\/2000\/svg\" viewBox=\"0 0 1200 70\" preserveAspectRatio=\"none\"><path d=\"M670 50L600 0l-70 50H0v20h1200V50z\"\/><\/svg><\/div><div class=\"gb-shape gb-shape-2\"><svg xmlns=\"http:\/\/www.w3.org\/2000\/svg\" viewBox=\"0 0 1200 70\" preserveAspectRatio=\"none\"><path d=\"M670 50L600 0l-70 50H0v20h1200V50z\"\/><\/svg><\/div><\/div><\/div>\n\n\n<p><\/p>\n","protected":false},"excerpt":{"rendered":"<p>H\u00ccNH \u1ea2NH TH\u01af\u01a0NG HI\u1ec6U MTN Concept lu\u00f4n \u0111\u1ed3ng h\u00e0nh c\u00f9ng doanh nghi\u1ec7p t\u1eebng b\u01b0\u1edbc nh\u1eb1m x\u00e2y d\u1ef1ng th\u01b0\u01a1ng hi\u00eau, d\u1ecbch v\u1ee5, nh\u1eafm v\u00e0o \u0111i\u1ec3m m\u1ea1nh chuy\u00ean m\u00f4n, nh\u1eefng s\u1ea3n ph\u1ea9m \u0111\u1eb7c th\u00f9 sao cho chi\u1ebfn l\u01b0\u1ee3c kinh doanh c\u1ee7a doanh nghi\u1ec7p \u0111\u1ea1t hi\u1ec7u qu\u1ea3 t\u1ed1i \u01b0u nh\u1ea5t. T\u1ea1o ra hay \u0111\u1ed5i m\u1edbi th\u01b0\u01a1ng hi\u1ec7u l\u00e0 &#8230; <a title=\"H\u00ecnh \u1ea3nh th\u01b0\u01a1ng hi\u1ec7u\" class=\"read-more\" href=\"https:\/\/mtnconcept.net\/vi\/hinh-anh-thuong-hieu-doanh-nghiep\/\" aria-label=\"More on H\u00ecnh \u1ea3nh th\u01b0\u01a1ng hi\u1ec7u\">Read more<\/a><\/p>\n","protected":false},"author":1,"featured_media":0,"parent":0,"menu_order":0,"comment_status":"closed","ping_status":"closed","template":"","meta":{"footnotes":""},"class_list":["post-19852","page","type-page","status-publish"],"_links":{"self":[{"href":"https:\/\/mtnconcept.net\/vi\/wp-json\/wp\/v2\/pages\/19852","targetHints":{"allow":["GET"]}}],"collection":[{"href":"https:\/\/mtnconcept.net\/vi\/wp-json\/wp\/v2\/pages"}],"about":[{"href":"https:\/\/mtnconcept.net\/vi\/wp-json\/wp\/v2\/types\/page"}],"author":[{"embeddable":true,"href":"https:\/\/mtnconcept.net\/vi\/wp-json\/wp\/v2\/users\/1"}],"replies":[{"embeddable":true,"href":"https:\/\/mtnconcept.net\/vi\/wp-json\/wp\/v2\/comments?post=19852"}],"version-history":[{"count":7,"href":"https:\/\/mtnconcept.net\/vi\/wp-json\/wp\/v2\/pages\/19852\/revisions"}],"predecessor-version":[{"id":19928,"href":"https:\/\/mtnconcept.net\/vi\/wp-json\/wp\/v2\/pages\/19852\/revisions\/19928"}],"wp:attachment":[{"href":"https:\/\/mtnconcept.net\/vi\/wp-json\/wp\/v2\/media?parent=19852"}],"curies":[{"name":"wp","href":"https:\/\/api.w.org\/{rel}","templated":true}]}}