{"id":19858,"date":"2021-06-21T11:17:09","date_gmt":"2021-06-21T09:17:09","guid":{"rendered":"https:\/\/mtnconcept.net\/?page_id=19858"},"modified":"2021-09-01T12:06:49","modified_gmt":"2021-09-01T10:06:49","slug":"thiet-ke-website","status":"publish","type":"page","link":"https:\/\/mtnconcept.net\/vi\/thiet-ke-website\/","title":{"rendered":"Thi\u1ebft k\u1ebf website"},"content":{"rendered":"<div class=\"gb-container gb-container-d0829f3d\"><div class=\"gb-inside-container\">\n\n<h1 class=\"gb-headline gb-headline-007886a8 gb-headline-text\"><mark class=\"gb-highlight\">THI\u1ebeT K\u1ebe WEBSITE<\/mark><\/h1>\n\n<\/div><div class=\"gb-shapes\"><div class=\"gb-shape gb-shape-1\"><svg xmlns=\"http:\/\/www.w3.org\/2000\/svg\" viewBox=\"0 0 1200 70\" preserveAspectRatio=\"none\"><path d=\"M1200 0v70H0V0h530l70 50 70-50z\"\/><\/svg><\/div><\/div><\/div>\n\n<div class=\"gb-container gb-container-9113f02b\"><div class=\"gb-inside-container\">\n<div class=\"gb-container gb-container-297c9047\"><div class=\"gb-inside-container\">\n<div class=\"gb-grid-wrapper gb-grid-wrapper-6adc97b5\">\n<div class=\"gb-grid-column gb-grid-column-6d184798\"><div class=\"gb-container gb-container-6d184798\"><div class=\"gb-inside-container\">\n\n<figure class=\"wp-block-image size-large\"><img loading=\"lazy\" decoding=\"async\" width=\"256\" height=\"256\" src=\"https:\/\/mtnconcept.net\/wp-content\/uploads\/2021\/05\/site-web-wordpress.png\" alt=\"D\u00e9veloppement site web wordpress\" class=\"wp-image-19731\" srcset=\"https:\/\/mtnconcept.net\/wp-content\/uploads\/2021\/05\/site-web-wordpress.png 256w, https:\/\/mtnconcept.net\/wp-content\/uploads\/2021\/05\/site-web-wordpress-150x150.png 150w\" sizes=\"auto, (max-width: 256px) 100vw, 256px\" \/><\/figure>\n\n<\/div><\/div><\/div>\n\n<div class=\"gb-grid-column gb-grid-column-52f755e4\"><div class=\"gb-container gb-container-52f755e4\"><div class=\"gb-inside-container\">\n\n<p style=\"font-size:14px\">V\u1edbi kinh nghi\u1ec7m l\u00e0m vi\u1ec7c v\u1edbi ng\u00f4n ng\u1eef l\u1eadp tr\u00ecnh script m\u1ed9t c\u00e1ch chuy\u00ean nghi\u1ec7p v\u00e0 linh ho\u1ea1t, ch\u00fang t\u00f4i thi\u1ebft k\u1ebf website th\u00f4ng qua ph\u1ea7n m\u1ec1m WordPress. \u0110\u1ec3 \u0111em l\u1ea1i hi\u1ec7u qu\u1ea3 kinh t\u1ebf, ch\u00fang t\u00f4i s\u1eed d\u1ee5ng nh\u1eefng m\u1eabu \u0111\u1ed3 h\u1ecda (m\u1eabu thi\u1ebft k\u1ebf cho WordPress) \u0111\u00e3 s\u1eb5n c\u00f3 v\u00e0 ch\u1ec9nh s\u1eeda l\u1ea1i sao cho ph\u00f9 h\u1ee3p v\u1edbi h\u00ecnh \u1ea3nh c\u1ee7a doanh nghi\u1ec7p: logo, m\u00e0u s\u1eafc, v\u0103n b\u1ea3n, h\u00ecnh \u1ea3nh v\u00e0 m\u1ecdi ph\u01b0\u01a1ng ti\u1ec7n qu\u1ea3ng b\u00e1 c\u1ea7n thi\u1ebft kh\u00e1c li\u00ean quan \u0111\u1ebfn vi\u1ec7c thi\u1ebft k\u1ebf c\u1ee7a website.<\/p>\n\n\n\n<p style=\"font-size:14px\">Th\u1ef1c ra, \u01b0u \u0111i\u1ec3m c\u1ee7a vi\u1ec7c s\u1eed d\u1ee5ng ng\u00f4n ng\u1eef scrip (m\u1eabu s\u1eb5n c\u00f3) \u0111\u1ec3 thi\u1ebft k\u1ebf website v\u00e0 \u0111\u01b0a trang web v\u00e0o s\u1eed d\u1ee5ng s\u1ebd l\u00e0m gi\u1ea3m \u0111\u00e1ng k\u1ec3 nh\u1eefng chi ph\u00ed ph\u00e1t sinh so v\u1edbi ph\u01b0\u01a1ng ph\u00e1p thi\u1ebft k\u1ebf web c\u1ed5 \u0111i\u1ec3n.<\/p>\n\n\n\n<h6 class=\"gb-headline gb-headline-ce438792 gb-headline-text\">M\u1ee5c ti\u00eau c\u1ee7a doanh nghi\u1ec7p \u0111\u00f2i h\u1ecfi s\u1ef1 \u0111\u1eb7c bi\u1ec7t hay s\u1ef1 \u0111\u1ed9c \u0111\u00e1o? Doanh nghi\u1ec7p c\u1ea7n m\u1ed9t trang web gi\u1edbi thi\u1ec7u hay trang th\u01b0\u01a1ng m\u1ea1i \u0111i\u1ec7n t\u1eed? Doanh nghi\u1ec7p c\u1ea7n th\u1ef1c hi\u1ec7n m\u1ed9t phi\u00ean b\u1ea3n ri\u00eang bi\u1ec7t (c\u00f3 s\u1ef1 l\u1eadp tr\u00ecnh v\u00e0 thi\u1ebft k\u1ebf ri\u00eang)<\/h6>\n\n<\/div><\/div><\/div>\n<\/div>\n<\/div><\/div>\n<\/div><div class=\"gb-shapes\"><div class=\"gb-shape gb-shape-1\"><svg xmlns=\"http:\/\/www.w3.org\/2000\/svg\" viewBox=\"0 0 1200 70\" preserveAspectRatio=\"none\"><path d=\"M1200 0v70H0V0h530l70 50 70-50z\"\/><\/svg><\/div><\/div><\/div>\n\n<div class=\"gb-grid-wrapper gb-grid-wrapper-ab6382c7\"><\/div>\n\n<div class=\"gb-container gb-container-0f7f1bd9\"><div class=\"gb-inside-container\">\n<div class=\"gb-grid-wrapper gb-grid-wrapper-c4595b74\">\n<div class=\"gb-grid-column gb-grid-column-953627e5\"><div class=\"gb-container gb-container-953627e5\"><div class=\"gb-inside-container\">\n\n<h4 class=\"gb-headline gb-headline-52f32e49 gb-headline-text\">WORDPRESS<br>C\u00d4NG C\u1ee4 C\u1ee6A WEBSITE<\/h4>\n\n<\/div><\/div><\/div>\n\n<div class=\"gb-grid-column gb-grid-column-5a427449\"><div class=\"gb-container gb-container-5a427449\"><div class=\"gb-inside-container\">\n\n<p class=\"has-text-align-left\" style=\"font-size:14px\">WordPress l\u00e0 m\u1ed9t h\u1ec7 th\u1ed1ng qu\u1ea3n l\u00fd n\u1ed9i dung (CMS) vi\u1ebft b\u1eb1ng ng\u00f4n ng\u1eef PHP tr\u00ean c\u01a1 s\u1edf d\u1eef li\u1ec7u MySQL, do Automattic ph\u00e2n ph\u1ed1i. H\u1ec7 th\u1ed1ng n\u00e0y \u0111\u01b0\u1ee3c s\u1eed d\u1ee5ng \u0111\u1ec3 t\u1ea1o blog, nh\u01b0ng t\u00ednh n\u0103ng c\u1ee7a n\u00f3 c\u0169ng cho ph\u00e9p thi\u1ebft k\u1ebf m\u1ecdi lo\u1ea1i trang web.<\/p>\n\n\n\n<p class=\"has-text-align-left\" style=\"font-size:14px\">WordPress c\u00f3 th\u1ec3 th\u00edch \u1ee9ng v\u1edbi y\u00eau c\u1ea7u ri\u00eang v\u00e0 m\u1edf r\u1ed9ng \u0111\u01b0\u1ee3c do c\u00f3 nhi\u1ec1u giao di\u1ec7n thi\u1ebft k\u1ebf (themes) v\u00e0 c\u00f4ng c\u1ee5 h\u1ed7 tr\u1ee3 cho s\u1ef1 ph\u00e1t tri\u1ec3n trang web \u2013 plugins (ch\u01b0\u01a1ng tr\u00ecnh m\u1edf r\u1ed9ng c\u00e1c t\u00ednh n\u0103ng c\u01a1 b\u1ea3n c\u1ee7a h\u1ec7 th\u1ed1ng WordPress).<\/p>\n\n<\/div><\/div><\/div>\n<\/div>\n\n<div class=\"gb-grid-wrapper gb-grid-wrapper-e7befc1d\">\n<div class=\"gb-grid-column gb-grid-column-6680d659\"><div class=\"gb-container gb-container-6680d659\"><div class=\"gb-inside-container\">\n\n<h4 class=\"gb-headline gb-headline-2f57836b gb-headline-text\">T\u1ea0I SAO S\u1eec D\u1ee4NG<br>CMS WORDPRESS ?<\/h4>\n\n<\/div><\/div><\/div>\n\n<div class=\"gb-grid-column gb-grid-column-c98dc420\"><div class=\"gb-container gb-container-c98dc420\"><div class=\"gb-inside-container\">\n\n<p class=\"has-text-align-left\" style=\"font-size:14px\">WordPress l\u00e0 m\u1ed9t trong nh\u1eefng h\u1ec7 th\u1ed1ng qu\u1ea3n l\u00fd n\u1ed9i d\u1ee5ng (CMS) \u0111\u01b0\u1ee3c s\u1eed d\u1ee5ng nhi\u1ec1u nh\u1ea5t tr\u00ean th\u1ebf gi\u1edbi, c\u00f3 h\u01a1n 35% trang web s\u1eed d\u1ee5ng h\u1ec7 th\u1ed1ng n\u00e0y. C\u00f3 th\u1ec3 kh\u1eb3ng \u0111\u1ecbnh g\u1ea7n 28% c\u00e1c c\u1eeda h\u00e0ng tr\u1ef1c tuy\u1ebfn (shop online) c\u0169ng s\u1eed d\u1ee5ng WordPress.<\/p>\n\n\n\n<p class=\"has-text-align-left\" style=\"font-size:14px\">V\u00ec sao nh\u01b0 v\u1eady ? V\u00ec t\u00ednh n\u0103ng c\u1ee7a WordPress r\u1ea5t m\u1ea1nh, c\u00f3 th\u1ec3 m\u1edf r\u1ed9ng \u0111\u01b0\u1ee3c, v\u00e0 \u0111\u01b0\u1ee3c m\u1ed9t c\u1ed9ng \u0111\u1ed3ng c\u00e0ng ng\u00e0y c\u00e0ng \u0111\u00f4ng \u1ee7ng h\u1ed9. H\u1ec7 th\u1ed1ng n\u00e0y r\u1ea5t \u0111\u01a1n gi\u1ea3n v\u00e0 d\u1ec5 s\u1eed d\u1ee5ng.<\/p>\n\n<\/div><\/div><\/div>\n<\/div>\n\n<div class=\"gb-grid-wrapper gb-grid-wrapper-28da3ab9\">\n<div class=\"gb-grid-column gb-grid-column-08d56e6f\"><div class=\"gb-container gb-container-08d56e6f\"><div class=\"gb-inside-container\">\n\n<h4 class=\"gb-headline gb-headline-3bee0a12 gb-headline-text\">GIAO DI\u1ec6N M\u1eaaU<br>THI\u1ebeT K\u1ebe WEBSITE<\/h4>\n\n<\/div><\/div><\/div>\n\n<div class=\"gb-grid-column gb-grid-column-699826c5\"><div class=\"gb-container gb-container-699826c5\"><div class=\"gb-inside-container\">\n\n<p class=\"has-text-align-left\" style=\"font-size:14px\">Th\u00f4ng qua c\u00e1c c\u00e2u h\u1ecfi th\u0103m d\u00f2 li\u00ean quan \u0111\u1ebfn s\u1ef1 l\u1ef1a ch\u1ecdn ki\u1ec3u m\u1eabu web, ch\u00fang t\u00f4i s\u1ebd cung c\u1ea5p m\u1ed9t s\u1ed1 m\u1eabu thi\u1ebft \u0111\u1ec3 doanh nghi\u1ec7p ch\u1ecdn l\u1ef1a m\u1ed9t m\u1eabu \u01b0ng \u00fd nh\u1ea5t.<\/p>\n\n\n\n<p class=\"has-text-align-left\" style=\"font-size:14px\">C\u00e1c t\u00ednh n\u0103ng t\u1ed1i thi\u1ec3u c\u1ee7a t\u1eebng m\u1eabu (template) l\u00e0 :<\/p>\n\n\n\n<p class=\"has-text-align-left\" style=\"font-size:14px\"><strong>&gt; Nhanh nh\u1ea1y : <\/strong>th\u00edch h\u1ee3p \u0111\u01b0\u1ee3c v\u1edbi m\u1ecdi k\u00edch c\u1ee1 m\u00e0n h\u00ecnh (m\u00e1y t\u00ednh \u0111\u1ec3 b\u00e0n, m\u00e1y t\u00ednh b\u1ea3ng, \u0111i\u1ec7n tho\u1ea1i th\u00f4ng minh). Ng\u00e0y nay b\u1eaft bu\u1ed9c ph\u1ea3i thi\u1ebft k\u1ebf trang web nhanh nh\u1ea1y (responsive) \u0111\u1ec3 c\u00f3 th\u1ec3 d\u1ec5 t\u00ecm th\u1ea5y tr\u00ean c\u00e1c c\u00f4ng c\u1ee5 t\u00ecm ki\u1ebfm.<\/p>\n\n\n\n<p class=\"has-text-align-left\" style=\"font-size:14px\"><strong>&gt; \u0110a ng\u00f4n ng\u1eef :<\/strong> m\u1eabu d\u1ef1 ki\u1ebfn cho vi\u1ec7c qu\u1ed1c t\u1ebf h\u00f3a (t\u1eadp tin .po, .mo v\u00e0 t\u01b0\u01a1ng h\u1ee3p \u0111\u01b0\u1ee3c v\u1edbi WPML)<\/p>\n\n\n\n<p class=\"has-text-align-left\" style=\"font-size:14px\"><strong>&gt; T\u01b0\u01a1ng h\u1ee3p v\u1edbi nhi\u1ec1u tr\u00ecnh duy\u1ec7t nh\u01b0 <\/strong>Chrome, Firefox, Opera, Microsoft Edge v\u00e0 Safari.<\/p>\n\n<\/div><\/div><\/div>\n<\/div>\n\n<div class=\"gb-grid-wrapper gb-grid-wrapper-13fdf8da\">\n<div class=\"gb-grid-column gb-grid-column-b2877289\"><div class=\"gb-container gb-container-b2877289\"><div class=\"gb-inside-container\">\n\n<h4 class=\"gb-headline gb-headline-d5281cb0 gb-headline-text\">PLUGIN<br>M\u1ede R\u1ed8NG<\/h4>\n\n<\/div><\/div><\/div>\n\n<div class=\"gb-grid-column gb-grid-column-a7b5c64d\"><div class=\"gb-container gb-container-a7b5c64d\"><div class=\"gb-inside-container\">\n\n<p class=\"has-text-align-left\" style=\"font-size:14px\">Ch\u00fang t\u00f4i tri\u1ec3n khai plugin WPML nh\u1eb1m cho ph\u00e9p qu\u1ed1c t\u1ebf h\u00f3a trang web wordpress t\u01b0\u01a1ng lai c\u1ee7a doanh nghi\u1ec7p v\u00e0 c\u00f3 th\u1ec3 \u0111\u01b0\u1ee3c s\u1eed d\u1ee5ng nhi\u1ec1u ng\u00f4n ng\u1eef.<\/p>\n\n\n\n<p class=\"has-text-align-left\" style=\"font-size:14px\">G\u00f3i chuy\u00ean nghi\u1ec7p c\u00f3 t\u00ednh ph\u00ed. B\u1ea3n quy\u1ec1n chuy\u00ean nghi\u1ec7p v\u00e0 \u201ccho ph\u00e9p\u201d kh\u00e1ch h\u00e0ng s\u1eed d\u1ee5ng.<\/p>\n\n<\/div><\/div><\/div>\n<\/div>\n\n<div class=\"gb-grid-wrapper gb-grid-wrapper-d63a4dd5\">\n<div class=\"gb-grid-column gb-grid-column-cb9af64d\"><div class=\"gb-container gb-container-cb9af64d\"><div class=\"gb-inside-container\">\n\n<h4 class=\"gb-headline gb-headline-dbc96927 gb-headline-text\">H\u01af\u1edaNG D\u1eaaN S\u1eec D\u1ee4NG<br>BACKOFFICE<\/h4>\n\n<\/div><\/div><\/div>\n\n<div class=\"gb-grid-column gb-grid-column-0201bc1c\"><div class=\"gb-container gb-container-0201bc1c\"><div class=\"gb-inside-container\">\n\n<p class=\"has-text-align-left\" style=\"font-size:14px\">Ch\u00fang t\u00f4i s\u1ebd h\u01b0\u1edbng d\u1eabn doanh nghi\u1ec7p s\u1eed d\u1ee5ng Backoffice (mo-\u0111un qu\u1ea3n tr\u1ecb) c\u1ee7a WordPress. Sau bu\u1ed5i t\u1eadp hu\u1ea5n k\u1ebft th\u00fac, nh\u1eefng th\u00e0nh vi\u00ean \u0111\u01b0\u1ee3c giao nhi\u1ec7m v\u1ee5 ph\u1ee5 tr\u00e1ch trang web c\u00f3 th\u1ec3 \u0111\u0103ng b\u00e0i vi\u1ebft tr\u00ean blog, t\u1ea1o\/ s\u1eeda\/ x\u00f3a m\u1edbi, qu\u1ea3n l\u00fd nh\u1eefng l\u1eddi b\u00ecnh lu\u1eadn, t\u1ea1o\/s\u1eeda\/x\u00f3a h\u00ecnh \u1ea3nh hay v\u0103n b\u1ea3n PDF.<\/p>\n\n<\/div><\/div><\/div>\n<\/div>\n<\/div><div class=\"gb-shapes\"><div class=\"gb-shape gb-shape-1\"><svg xmlns=\"http:\/\/www.w3.org\/2000\/svg\" viewBox=\"0 0 1200 70\" preserveAspectRatio=\"none\"><path d=\"M1200 0v70H0V0h530l70 50 70-50z\"\/><\/svg><\/div><\/div><\/div>\n\n<div class=\"gb-container gb-container-68d5bed5\"><div class=\"gb-inside-container\">\n<div class=\"gb-grid-wrapper gb-grid-wrapper-4994ad8d\">\n<div class=\"gb-grid-column gb-grid-column-d2f9a630\"><div class=\"gb-container gb-container-d2f9a630\"><div class=\"gb-inside-container\">\n\n<h2 class=\"gb-headline gb-headline-928d2710 gb-headline-text\">D\u1ecbch v\u1ee5 kh\u00e1c<\/h2>\n\n<\/div><\/div><\/div>\n\n<div class=\"gb-grid-column gb-grid-column-3933b821\"><div class=\"gb-container gb-container-3933b821\"><div class=\"gb-inside-container\">\n\n<ul class=\"has-black-color has-text-color wp-block-list\" style=\"font-size:14px\"><li>Gian h\u00e0ng \u0111i\u1ec7n t\u1eed<\/li><li>Catalogue h\u00e0ng h\u00f3a<\/li><li>Di\u1ec5n \u0111\u00e0n tr\u1ef1c tuy\u1ebfn (forum)<\/li><li>Danh b\u1ea1<\/li><li><span style=\"background-color: rgba(211, 216, 199, 0);\">&#8230;<\/span><\/li><\/ul>\n\n<\/div><\/div><\/div>\n<\/div>\n<\/div><\/div>\n\n<div class=\"gb-container gb-container-1936b001\"><div class=\"gb-inside-container\">\n\n<h4 class=\"gb-headline gb-headline-39e43a19\"><span class=\"gb-icon\"><svg aria-hidden=\"true\" role=\"img\" height=\"1em\" width=\"1em\" viewBox=\"0 0 384 512\" xmlns=\"http:\/\/www.w3.org\/2000\/svg\"><path fill=\"currentColor\" d=\"M97.12 362.63c-8.69-8.69-4.16-6.24-25.12-11.85-9.51-2.55-17.87-7.45-25.43-13.32L1.2 448.7c-4.39 10.77 3.81 22.47 15.43 22.03l52.69-2.01L105.56 507c8 8.44 22.04 5.81 26.43-4.96l52.05-127.62c-10.84 6.04-22.87 9.58-35.31 9.58-19.5 0-37.82-7.59-51.61-21.37zM382.8 448.7l-45.37-111.24c-7.56 5.88-15.92 10.77-25.43 13.32-21.07 5.64-16.45 3.18-25.12 11.85-13.79 13.78-32.12 21.37-51.62 21.37-12.44 0-24.47-3.55-35.31-9.58L252 502.04c4.39 10.77 18.44 13.4 26.43 4.96l36.25-38.28 52.69 2.01c11.62.44 19.82-11.27 15.43-22.03zM263 340c15.28-15.55 17.03-14.21 38.79-20.14 13.89-3.79 24.75-14.84 28.47-28.98 7.48-28.4 5.54-24.97 25.95-45.75 10.17-10.35 14.14-25.44 10.42-39.58-7.47-28.38-7.48-24.42 0-52.83 3.72-14.14-.25-29.23-10.42-39.58-20.41-20.78-18.47-17.36-25.95-45.75-3.72-14.14-14.58-25.19-28.47-28.98-27.88-7.61-24.52-5.62-44.95-26.41-10.17-10.35-25-14.4-38.89-10.61-27.87 7.6-23.98 7.61-51.9 0-13.89-3.79-28.72.25-38.89 10.61-20.41 20.78-17.05 18.8-44.94 26.41-13.89 3.79-24.75 14.84-28.47 28.98-7.47 28.39-5.54 24.97-25.95 45.75-10.17 10.35-14.15 25.44-10.42 39.58 7.47 28.36 7.48 24.4 0 52.82-3.72 14.14.25 29.23 10.42 39.59 20.41 20.78 18.47 17.35 25.95 45.75 3.72 14.14 14.58 25.19 28.47 28.98C104.6 325.96 106.27 325 121 340c13.23 13.47 33.84 15.88 49.74 5.82a39.676 39.676 0 0 1 42.53 0c15.89 10.06 36.5 7.65 49.73-5.82zM97.66 175.96c0-53.03 42.24-96.02 94.34-96.02s94.34 42.99 94.34 96.02-42.24 96.02-94.34 96.02-94.34-42.99-94.34-96.02z\"><\/path><\/svg><\/span><span class=\"gb-headline-text\">Ch\u00fang t\u00f4i lu\u00f4n \u0111\u1ed3ng h\u00e0nh c\u00f9ng v\u1edbi doanh nghi\u1ec7p trong m\u1ecdi t\u00ecnh hu\u1ed1ng, v\u1edbi m\u1ee9c chi ph\u00ed tr\u1ecdn g\u00f3i ho\u1eb7c t\u00f9y ch\u1ecdn ph\u00f9 h\u1ee3p v\u1edbi ng\u00e2n s\u00e1ch v\u00e0 v\u1edbi nhu c\u1ea7u \u0111\u1eb7c th\u00f9 c\u1ee7a doanh nghi\u1ec7p.<\/span><\/h4>\n\n\n\n<p class=\"gb-headline gb-headline-0d6a2e2b gb-headline-text\"><\/p>\n\n<\/div><div class=\"gb-shapes\"><div class=\"gb-shape gb-shape-1\"><svg xmlns=\"http:\/\/www.w3.org\/2000\/svg\" viewBox=\"0 0 1200 70\" preserveAspectRatio=\"none\"><path d=\"M670 50L600 0l-70 50H0v20h1200V50z\"\/><\/svg><\/div><div class=\"gb-shape gb-shape-2\"><svg xmlns=\"http:\/\/www.w3.org\/2000\/svg\" viewBox=\"0 0 1200 70\" preserveAspectRatio=\"none\"><path d=\"M670 50L600 0l-70 50H0v20h1200V50z\"\/><\/svg><\/div><\/div><\/div>\n\n\n<p><\/p>\n","protected":false},"excerpt":{"rendered":"<p>THI\u1ebeT K\u1ebe WEBSITE Ch\u00fang t\u00f4i lu\u00f4n \u0111\u1ed3ng h\u00e0nh c\u00f9ng v\u1edbi doanh nghi\u1ec7p trong m\u1ecdi t\u00ecnh hu\u1ed1ng, v\u1edbi m\u1ee9c chi ph\u00ed tr\u1ecdn g\u00f3i ho\u1eb7c t\u00f9y ch\u1ecdn ph\u00f9 h\u1ee3p v\u1edbi ng\u00e2n s\u00e1ch v\u00e0 v\u1edbi nhu c\u1ea7u \u0111\u1eb7c th\u00f9 c\u1ee7a doanh nghi\u1ec7p.<\/p>\n","protected":false},"author":1,"featured_media":0,"parent":0,"menu_order":0,"comment_status":"closed","ping_status":"closed","template":"","meta":{"footnotes":""},"class_list":["post-19858","page","type-page","status-publish"],"_links":{"self":[{"href":"https:\/\/mtnconcept.net\/vi\/wp-json\/wp\/v2\/pages\/19858","targetHints":{"allow":["GET"]}}],"collection":[{"href":"https:\/\/mtnconcept.net\/vi\/wp-json\/wp\/v2\/pages"}],"about":[{"href":"https:\/\/mtnconcept.net\/vi\/wp-json\/wp\/v2\/types\/page"}],"author":[{"embeddable":true,"href":"https:\/\/mtnconcept.net\/vi\/wp-json\/wp\/v2\/users\/1"}],"replies":[{"embeddable":true,"href":"https:\/\/mtnconcept.net\/vi\/wp-json\/wp\/v2\/comments?post=19858"}],"version-history":[{"count":5,"href":"https:\/\/mtnconcept.net\/vi\/wp-json\/wp\/v2\/pages\/19858\/revisions"}],"predecessor-version":[{"id":19943,"href":"https:\/\/mtnconcept.net\/vi\/wp-json\/wp\/v2\/pages\/19858\/revisions\/19943"}],"wp:attachment":[{"href":"https:\/\/mtnconcept.net\/vi\/wp-json\/wp\/v2\/media?parent=19858"}],"curies":[{"name":"wp","href":"https:\/\/api.w.org\/{rel}","templated":true}]}}