{"id":19866,"date":"2021-06-21T11:39:34","date_gmt":"2021-06-21T09:39:34","guid":{"rendered":"https:\/\/mtnconcept.net\/?page_id=19866"},"modified":"2021-09-01T11:12:36","modified_gmt":"2021-09-01T09:12:36","slug":"chuan-seo-toi-uu-hoa-cong-cu-tim-kiem","status":"publish","type":"page","link":"https:\/\/mtnconcept.net\/vi\/chuan-seo-toi-uu-hoa-cong-cu-tim-kiem\/","title":{"rendered":"Chu\u1ea9n SEO"},"content":{"rendered":"<div class=\"gb-container gb-container-5661f3d8\"><div class=\"gb-inside-container\">\n\n<h1 class=\"gb-headline gb-headline-60d63e9e gb-headline-text\"><mark class=\"gb-highlight\">Chu\u1ea9n SEO<\/mark><\/h1>\n\n<\/div><div class=\"gb-shapes\"><div class=\"gb-shape gb-shape-1\"><svg xmlns=\"http:\/\/www.w3.org\/2000\/svg\" viewBox=\"0 0 1200 70\" preserveAspectRatio=\"none\"><path d=\"M1200 0v70H0V0h530l70 50 70-50z\"\/><\/svg><\/div><\/div><\/div>\n\n<div class=\"gb-container gb-container-9527074d\"><div class=\"gb-inside-container\">\n<div class=\"gb-container gb-container-1ccac659\"><div class=\"gb-inside-container\">\n<div class=\"gb-grid-wrapper gb-grid-wrapper-bd20eb0a\">\n<div class=\"gb-grid-column gb-grid-column-0002edb2\"><div class=\"gb-container gb-container-0002edb2\"><div class=\"gb-inside-container\">\n\n<figure class=\"wp-block-image size-large\"><img loading=\"lazy\" decoding=\"async\" width=\"256\" height=\"256\" src=\"https:\/\/mtnconcept.net\/wp-content\/uploads\/2021\/05\/referencement-naturel-seo.png\" alt=\"r\u00e9f\u00e9rencement naturel seo\" class=\"wp-image-19747\" srcset=\"https:\/\/mtnconcept.net\/wp-content\/uploads\/2021\/05\/referencement-naturel-seo.png 256w, https:\/\/mtnconcept.net\/wp-content\/uploads\/2021\/05\/referencement-naturel-seo-150x150.png 150w\" sizes=\"auto, (max-width: 256px) 100vw, 256px\" \/><\/figure>\n\n<\/div><\/div><\/div>\n\n<div class=\"gb-grid-column gb-grid-column-5531faca\"><div class=\"gb-container gb-container-5531faca\"><div class=\"gb-inside-container\">\n\n<h2 class=\"gb-headline gb-headline-3f07f5f1 gb-headline-text\">C\u00d4NG C\u1ee4 TRUY\u1ec0N TH\u00d4NG<\/h2>\n\n\n\n<p style=\"font-size:14px\">Internet thay \u0111\u1ed5i r\u1ea5t nhanh, v\u00e0 ng\u00e0y nay, nh\u1edd nh\u1eefng th\u00e0nh t\u1ef1u c\u00f4ng ngh\u1ec7 m\u1edbi, b\u1ea1n c\u00f3 c\u01a1 h\u1ed9i \u0111\u1ec3 ph\u00e1t tri\u1ec3n k\u1ef9 thu\u1eadt s\u1ed1, gia t\u0103ng s\u1ed1 l\u1ea7n truy c\u1eadp, n\u1ed1i k\u1ebft c\u00e1c m\u1ea1ng, ph\u00e1t tri\u1ec3n n\u1ed9i dung v\u00e0 \u0111a d\u1ea1ng h\u00f3a c\u00e1ch s\u1eed d\u1ee5ng.<\/p>\n\n\n\n<p style=\"font-size:14px\">Ph\u01b0\u01a1ng ch\u00e2m c\u1ee7a MTN Concept, lu\u00f4n c\u1eadp nh\u1eadp s\u1ef1 ti\u1ebfn b\u1ed9 c\u1ee7a c\u00f4ng ngh\u1ec7 m\u1edbi, thu h\u00fat l\u01b0\u1ee3ng kh\u00e1ch h\u00e0ng truy c\u1eadp website. Ch\u00fang t\u00f4i h\u1ed7 tr\u1ee3 doanh nghi\u1ec7p thi\u1ebft k\u1ebf m\u1ed9t trang web s\u1ed1ng \u0111\u1ed9ng, phong ph\u00fa nh\u1eb1m gi\u00fap doanh nghi\u1ec7p thu h\u00fat kh\u00e1ch h\u00e0ng ti\u1ec1m n\u0103ng, gi\u1eef ch\u00e2n kh\u00e1ch h\u00e0ng trung th\u00e0nh hay \u0111\u01a1n thu\u1ea7n cho nh\u1eefng v\u1ecb kh\u00e1ch t\u00f2 m\u00f2 mu\u1ed1n gh\u00e9 th\u0103m trang web.<\/p>\n\n\n\n<p style=\"font-size:14px\">\u0110\u00e2y l\u00e0 m\u1ed9t trong nh\u1eefng \u0111\u1ed1i t\u00e1c c\u1ee7a ch\u00fang t\u00f4i,<a href=\"http:\/\/www.free-tools.fr,\"> http:\/\/www,free-tools.fr<\/a> H\u00c0NG TH\u00c1NG c\u00f3 \u0111\u1ebfn h\u01a1n 10 000 kh\u00e1ch truy c\u1eadp, v\u00ec v\u1eady \u0111\u1ec3 ph\u00e1t tri\u1ec3n, doanh nghi\u1ec7p c\u1ea7n \u0111\u01b0a ra ho\u1ea1t \u0111\u1ed9ng c\u1ee7a m\u00ecnh tr\u00ean internet.<\/p>\n\n\n\n<h6 class=\"gb-headline gb-headline-fb9a2da2 gb-headline-text\">\u0110\u1ec3 \u0111\u1ea1t \u0111\u01b0\u1ee3c m\u1ee5c ti\u00eau tr\u00ean, thi\u1ebft k\u1ebf m\u1ed9t trang web th\u00f4i ch\u01b0a \u0111\u1ee7 m\u00e0 c\u1ea7n ph\u1ea3i QU\u1ea2NG C\u00c1O (thu h\u00fat l\u01b0\u1ee3ng truy c\u00e2p v\u00e0o website)..<\/h6>\n\n<\/div><\/div><\/div>\n<\/div>\n<\/div><\/div>\n<\/div><div class=\"gb-shapes\"><div class=\"gb-shape gb-shape-1\"><svg xmlns=\"http:\/\/www.w3.org\/2000\/svg\" viewBox=\"0 0 1200 70\" preserveAspectRatio=\"none\"><path d=\"M1200 0v70H0V0h530l70 50 70-50z\"\/><\/svg><\/div><\/div><\/div>\n\n<div class=\"gb-container gb-container-6d5ed3b8\"><div class=\"gb-inside-container\">\n<div class=\"gb-grid-wrapper gb-grid-wrapper-e2273e0b\">\n<div class=\"gb-grid-column gb-grid-column-f56670f9\"><div class=\"gb-container gb-container-f56670f9\"><div class=\"gb-inside-container\">\n\n<p><\/p>\n\n\n\n<p class=\"has-text-align-left\" style=\"font-size:14px\">V\u00c0I KH\u00c1CH H\u00c0NG C\u1ee6A CH\u00daNG T\u00d4I<\/p>\n\n\n\n<div style=\"height:32px\" aria-hidden=\"true\" class=\"wp-block-spacer\"><\/div>\n\n<\/div><\/div><\/div>\n<\/div>\n\n<div class=\"gb-grid-wrapper gb-grid-wrapper-d189eb07\">\n<div class=\"gb-grid-column gb-grid-column-c8cd9393\"><div class=\"gb-container gb-container-c8cd9393\"><div class=\"gb-inside-container\">\n\n<h4 class=\"gb-headline gb-headline-ab2fd0d9 gb-headline-text\">01<br>free Tools<\/h4>\n\n<\/div><\/div><\/div>\n\n<div class=\"gb-grid-column gb-grid-column-4e139b0f\"><div class=\"gb-container gb-container-4e139b0f\"><div class=\"gb-inside-container\">\n\n<p class=\"has-text-align-left\" style=\"font-size:14px\">V\u1edbi tr\u01b0\u1eddng h\u1ee3p \u0111\u1ea7u ti\u00ean n\u00e0y, h\u1ecd l\u00e0 nh\u1eefng chuy\u00ean vi\u00ean thi\u1ebft k\u1ebf website v\u00e0 h\u1ecd t\u00ecm ki\u1ebfm nh\u1eefng ph\u1ea7n m\u1ec1m mi\u1ec5n ph\u00ed \u0111\u1ec3 thi\u1ebft website.<\/p>\n\n\n\n<p class=\"has-text-align-left\" style=\"font-size:14px\">Ng\u01b0\u1eddi thi\u1ebft k\u1ebf thi\u1ebft l\u1eadp t\u1eeb kh\u00f3a \u201cfreetools\u201d.<\/p>\n\n\n\n<p class=\"has-text-align-left\" style=\"font-size:14px\">K\u1ebft qu\u1ea3 th\u1ea5y \u0111\u01b0\u1ee3c tr\u00ean trang t\u00ecm ki\u1ebfm: V\u1ecb tr\u00ed th\u1ee9 3\/19.000.000 website.<\/p>\n\n<\/div><\/div><\/div>\n<\/div>\n\n<div class=\"gb-grid-wrapper gb-grid-wrapper-a3118d6f\">\n<div class=\"gb-grid-column gb-grid-column-959e2b3c\"><div class=\"gb-container gb-container-959e2b3c\"><div class=\"gb-inside-container\">\n\n<h4 class=\"gb-headline gb-headline-222baad1 gb-headline-text\">02<br>g\u00eete rural la cotterie<\/h4>\n\n<\/div><\/div><\/div>\n\n<div class=\"gb-grid-column gb-grid-column-c7c01142\"><div class=\"gb-container gb-container-c7c01142\"><div class=\"gb-inside-container\">\n\n<p class=\"has-text-align-left\" style=\"font-size:14px\">Tr\u01b0\u1eddng h\u1ee3p th\u1ee9 hai, kh\u00e1ch h\u00e0ng thu mua ch\u00f3 \u0111\u1eb7c bi\u1ec7t c\u00f3 l\u00f4ng m\u01b0\u1ee3t.<\/p>\n\n\n\n<p class=\"has-text-align-left\" style=\"font-size:14px\">T\u1eeb kh\u00f3a m\u00e0 ch\u00fang t\u00f4i thi\u1ebft l\u1eadp: \u201celeveur fox terrier a poil lise\u201d (t\u1ea1m d\u1ecbch: ng\u01b0\u1eddi nu\u00f4i ch\u00f3 l\u00f4ng m\u01b0\u1ee3t)<\/p>\n\n\n\n<p class=\"has-text-align-left\" style=\"font-size:14px\">K\u1ebft qu\u1ea3 t\u00ecm ki\u1ebfm : v\u1ecb tr\u00ed th\u1ee9 4 tr\u00ean 95.000 k\u1ebft qu\u1ea3.<\/p>\n\n<\/div><\/div><\/div>\n<\/div>\n<\/div><div class=\"gb-shapes\"><div class=\"gb-shape gb-shape-1\"><svg xmlns=\"http:\/\/www.w3.org\/2000\/svg\" viewBox=\"0 0 1200 70\" preserveAspectRatio=\"none\"><path d=\"M1200 0v70H0V0h530l70 50 70-50z\"\/><\/svg><\/div><\/div><\/div>\n\n<div class=\"gb-container gb-container-2da1393f\"><div class=\"gb-inside-container\">\n\n<h2 class=\"gb-headline gb-headline-78b9c7b8 gb-headline-text\">NH\u1eeeNG Y\u1ebeU T\u1ed0 CH\u00cdNH \u0110\u1ec2 TH\u1ef0C HI\u1ec6N C\u00d4NG T\u00c1C CHU\u1ea8N SEO<\/h2>\n\n\n<div class=\"gb-grid-wrapper gb-grid-wrapper-e6e56d30\">\n<div class=\"gb-grid-column gb-grid-column-a1fe23d1\"><div class=\"gb-container gb-container-a1fe23d1\"><div class=\"gb-inside-container\">\n\n<h2 class=\"gb-headline gb-headline-a7471e06 gb-headline-text\">Website<\/h2>\n\n\n\n<p style=\"font-size:14px\">L\u1eadp danh s\u00e1ch t\u1eeb kh\u00f3a<br>T\u1ed1i \u01b0u h\u00f3a n\u1ed9i dung (Optimization On Page)<br>C\u1ea5u tr\u00fac d\u1eef li\u1ec7u (arborescence)<br>T\u1ea7n s\u1ed1 \u0111\u0103ng tin (Blog)<br>C\u00e1c li\u00ean k\u1ebft n\u1ed9i b\u1ed9 c\u1ee7a website<\/p>\n\n<\/div><\/div><\/div>\n\n<div class=\"gb-grid-column gb-grid-column-940d1d21\"><div class=\"gb-container gb-container-940d1d21\"><div class=\"gb-inside-container\">\n\n<h2 class=\"gb-headline gb-headline-cb319abb gb-headline-text\">D\u1ec5 truy c\u1eadp<\/h2>\n\n\n\n<p style=\"font-size:14px\">M\u00e1y ch\u1ee7 nhanh<br>Gi\u1ea5y ch\u1ee9ng nh\u1eadn SSL<br>Trang web ph\u1ea3n \u1ee9ng nhanh (responsive)<br>C\u1ea5u tr\u00fac HTML<br>Hi\u1ec3n th\u1ecb nhanh<br>Kh\u1eafc ph\u1ee5c l\u1ed7i 404<br>H\u1ee7y c\u00e1c h\u1ec7 s\u1ed1 kh\u1ed1i<\/p>\n\n<\/div><\/div><\/div>\n<\/div>\n\n<div class=\"gb-grid-wrapper gb-grid-wrapper-a21db5da\">\n<div class=\"gb-grid-column gb-grid-column-4737a64a\"><div class=\"gb-container gb-container-4737a64a\"><div class=\"gb-inside-container\">\n\n<h2 class=\"gb-headline gb-headline-63737598 gb-headline-text\">Li\u00ean k\u1ebft<\/h2>\n\n\n\n<p style=\"font-size:14px\">Ch\u1ea5t l\u01b0\u1ee3ng li\u00ean k\u1ebft<br>Ch\u1ea5t l\u01b0\u1ee3ng v\u00e0 ngu\u1ed3n g\u1ed1c li\u00ean k\u1ebft<br>Li\u00ean k\u1ebft si\u00eau trong v\u0103n b\u1ea3n (Anchor link hay Anchor text)<br>V\u1ecb tr\u00ed c\u00e1c li\u00ean k\u1ebft<br>Uy t\u00edn c\u1ee7a trang web<br>Danh ti\u1ebfng c\u1ee7a trang web (l\u00e0nh m\u1ea1nh, kh\u00f4ng virus, vv\u2026)<\/p>\n\n<\/div><\/div><\/div>\n\n<div class=\"gb-grid-column gb-grid-column-6e583f49\"><div class=\"gb-container gb-container-6e583f49\"><div class=\"gb-inside-container\">\n\n<h2 class=\"gb-headline gb-headline-ded03c78 gb-headline-text\">Web \u01b0a th\u00edch<\/h2>\n\n\n\n<p style=\"font-size:14px\">T\u00ecm ng\u01b0\u1eddi s\u1eed d\u1ee5ng<br>\u0110\u1ecbnh v\u1ecb ng\u01b0\u1eddi s\u1eed d\u1ee5ng<br>Ch\u1ec9 s\u1ed1 l\u01b0\u1ee3t truy c\u1eadp<br>C\u00e2u li\u00ean k\u1ebft (linkbaiting)<\/p>\n\n<\/div><\/div><\/div>\n<\/div>\n\n\n<p class=\"has-text-align-left\" style=\"font-size:14px\">S\u01a1 \u0111\u1ed3 tr\u00ean \u0111\u00e3 \u0111\u01b0\u1ee3c \u0111\u01a1n gi\u1ea3n h\u00f3a cho d\u1ec5 hi\u1ec3u v\u00e0 t\u00f3m l\u01b0\u1ee3c nh\u1eefng \u0111i\u1ec3m ch\u00ednh c\u00e1c b\u01b0\u1edbc c\u1ea7n th\u1ef1c hi\u1ec7n cho trang web doanh nghi\u1ec7p. \u0110\u1ec3 \u0111\u00e1p \u1ee9ng \u0111\u01b0\u1ee3c c\u00e1c y\u00eau c\u1ea7u c\u1ee7a nh\u1eefng c\u00f4ng c\u1ee5 t\u00ecm ki\u1ebfm, ch\u00fang ta ph\u1ea3i t\u1ed1i \u01b0u h\u00f3a h\u00e0ng tr\u0103m th\u00f4ng s\u1ed1.<\/p>\n\n\n\n<p class=\"has-text-align-left\" style=\"font-size:14px\">\u0110\u00f3 l\u00e0 c\u00e1c th\u00f4ng s\u1ed1 v\u1ec1 ch\u00ednh c\u1ee7a trang web, v\u1ec1 c\u1ea5u tr\u00fac c\u1ee7a n\u00f3, ch\u01b0\u01a1ng tr\u00ecnh, t\u1ed5 ch\u1ee9c n\u1ed9i b\u1ed9 v\u00e0 ngay c\u1ea3 t\u1ea7n su\u1ea5t \u0111\u0103ng b\u00e0i tr\u00ean m\u1ed9t blog. C\u00e1c th\u00f4ng s\u1ed1 n\u00e0y c\u0169ng ph\u1ea3i t\u00ednh \u0111\u1ebfn h\u1ea1 t\u1ea7ng c\u01a1 s\u1edf th\u00f4ng tin, t\u1ed1c \u0111\u1ed9 c\u00e1c m\u00e1y ch\u1ee7, c\u00e1c h\u1ec7 s\u1ed1 kh\u1ed1i. Li\u00ean k\u1ebft m\u1ea1ng (net linking \u2013 c\u00e1c li\u00ean k\u1ebft internet h\u01b0\u1edbng v\u1ec1 trang web c\u1ee7a b\u1ea1n) l\u00e0 ti\u00ean quy\u1ebft: kh\u00f4ng c\u00f3 c\u00e1c li\u00ean k\u1ebft n\u00e0y, s\u1ebd ch\u1eb3ng ai bi\u1ebft \u0111\u1ebfn b\u1ea1n!<\/p>\n\n\n\n<p class=\"has-text-align-left\" style=\"font-size:14px\">Th\u00f4ng qua vi\u1ec7c t\u00ecm ki\u1ebfm trang web, th\u1eddi gian \u0111\u1ec3 ng\u01b0\u1eddi s\u1eed d\u1ee5ng xem c\u00e1c trang hay v\u1ecb tr\u00ed \u0111\u1ecba l\u00fd c\u1ee7a h\u1ecd c\u00f3 \u1ea3nh h\u01b0\u1edfng \u0111\u1ebfn v\u1ecb tr\u00ed trang web trong c\u00e1c k\u1ebft qu\u1ea3 t\u00ecm ki\u1ebfm.<\/p>\n\n\n\n<h2 class=\"gb-headline gb-headline-96cdb777 gb-headline-text\">CH\u00daNG TA S\u1ebc C\u00d9NG NHAU \u0110\u1ec0 C\u1eacP CHI TI\u1ebeT H\u01a0N \u0110\u1ebeN CHI\u1ebeN L\u01af\u1ee2C QU\u1ea2NG C\u00c1O HI\u1ec6U QU\u1ea2.<\/h2>\n\n<\/div><\/div>\n\n<div class=\"gb-container gb-container-e4d0de79\"><div class=\"gb-inside-container\">\n\n<h4 class=\"gb-headline gb-headline-5058fc65\"><span class=\"gb-icon\"><svg aria-hidden=\"true\" role=\"img\" height=\"1em\" width=\"1em\" viewBox=\"0 0 384 512\" xmlns=\"http:\/\/www.w3.org\/2000\/svg\"><path fill=\"currentColor\" d=\"M97.12 362.63c-8.69-8.69-4.16-6.24-25.12-11.85-9.51-2.55-17.87-7.45-25.43-13.32L1.2 448.7c-4.39 10.77 3.81 22.47 15.43 22.03l52.69-2.01L105.56 507c8 8.44 22.04 5.81 26.43-4.96l52.05-127.62c-10.84 6.04-22.87 9.58-35.31 9.58-19.5 0-37.82-7.59-51.61-21.37zM382.8 448.7l-45.37-111.24c-7.56 5.88-15.92 10.77-25.43 13.32-21.07 5.64-16.45 3.18-25.12 11.85-13.79 13.78-32.12 21.37-51.62 21.37-12.44 0-24.47-3.55-35.31-9.58L252 502.04c4.39 10.77 18.44 13.4 26.43 4.96l36.25-38.28 52.69 2.01c11.62.44 19.82-11.27 15.43-22.03zM263 340c15.28-15.55 17.03-14.21 38.79-20.14 13.89-3.79 24.75-14.84 28.47-28.98 7.48-28.4 5.54-24.97 25.95-45.75 10.17-10.35 14.14-25.44 10.42-39.58-7.47-28.38-7.48-24.42 0-52.83 3.72-14.14-.25-29.23-10.42-39.58-20.41-20.78-18.47-17.36-25.95-45.75-3.72-14.14-14.58-25.19-28.47-28.98-27.88-7.61-24.52-5.62-44.95-26.41-10.17-10.35-25-14.4-38.89-10.61-27.87 7.6-23.98 7.61-51.9 0-13.89-3.79-28.72.25-38.89 10.61-20.41 20.78-17.05 18.8-44.94 26.41-13.89 3.79-24.75 14.84-28.47 28.98-7.47 28.39-5.54 24.97-25.95 45.75-10.17 10.35-14.15 25.44-10.42 39.58 7.47 28.36 7.48 24.4 0 52.82-3.72 14.14.25 29.23 10.42 39.59 20.41 20.78 18.47 17.35 25.95 45.75 3.72 14.14 14.58 25.19 28.47 28.98C104.6 325.96 106.27 325 121 340c13.23 13.47 33.84 15.88 49.74 5.82a39.676 39.676 0 0 1 42.53 0c15.89 10.06 36.5 7.65 49.73-5.82zM97.66 175.96c0-53.03 42.24-96.02 94.34-96.02s94.34 42.99 94.34 96.02-42.24 96.02-94.34 96.02-94.34-42.99-94.34-96.02z\"><\/path><\/svg><\/span><span class=\"gb-headline-text\">Ch\u00fang t\u00f4i lu\u00f4n \u0111\u1ed3ng h\u00e0nh c\u00f9ng v\u1edbi doanh nghi\u1ec7p trong m\u1ecdi t\u00ecnh hu\u1ed1ng, v\u1edbi m\u1ee9c chi ph\u00ed tr\u1ecdn g\u00f3i ho\u1eb7c t\u00f9y ch\u1ecdn ph\u00f9 h\u1ee3p v\u1edbi ng\u00e2n s\u00e1ch v\u00e0 v\u1edbi nhu c\u1ea7u \u0111\u1eb7c th\u00f9 c\u1ee7a doanh nghi\u1ec7p.<\/span><\/h4>\n\n\n\n<p class=\"gb-headline gb-headline-3f99ef24 gb-headline-text\"><\/p>\n\n<\/div><div class=\"gb-shapes\"><div class=\"gb-shape gb-shape-1\"><svg xmlns=\"http:\/\/www.w3.org\/2000\/svg\" viewBox=\"0 0 1200 70\" preserveAspectRatio=\"none\"><path d=\"M670 50L600 0l-70 50H0v20h1200V50z\"\/><\/svg><\/div><div class=\"gb-shape gb-shape-2\"><svg xmlns=\"http:\/\/www.w3.org\/2000\/svg\" viewBox=\"0 0 1200 70\" preserveAspectRatio=\"none\"><path d=\"M670 50L600 0l-70 50H0v20h1200V50z\"\/><\/svg><\/div><\/div><\/div>\n\n\n<p><\/p>\n","protected":false},"excerpt":{"rendered":"<p>Chu\u1ea9n SEO NH\u1eeeNG Y\u1ebeU T\u1ed0 CH\u00cdNH \u0110\u1ec2 TH\u1ef0C HI\u1ec6N C\u00d4NG T\u00c1C CHU\u1ea8N SEO S\u01a1 \u0111\u1ed3 tr\u00ean \u0111\u00e3 \u0111\u01b0\u1ee3c \u0111\u01a1n gi\u1ea3n h\u00f3a cho d\u1ec5 hi\u1ec3u v\u00e0 t\u00f3m l\u01b0\u1ee3c nh\u1eefng \u0111i\u1ec3m ch\u00ednh c\u00e1c b\u01b0\u1edbc c\u1ea7n th\u1ef1c hi\u1ec7n cho trang web doanh nghi\u1ec7p. \u0110\u1ec3 \u0111\u00e1p \u1ee9ng \u0111\u01b0\u1ee3c c\u00e1c y\u00eau c\u1ea7u c\u1ee7a nh\u1eefng c\u00f4ng c\u1ee5 t\u00ecm ki\u1ebfm, ch\u00fang ta &#8230; <a title=\"Chu\u1ea9n SEO\" class=\"read-more\" href=\"https:\/\/mtnconcept.net\/vi\/chuan-seo-toi-uu-hoa-cong-cu-tim-kiem\/\" aria-label=\"More on Chu\u1ea9n SEO\">Read more<\/a><\/p>\n","protected":false},"author":1,"featured_media":0,"parent":0,"menu_order":0,"comment_status":"closed","ping_status":"closed","template":"","meta":{"footnotes":""},"class_list":["post-19866","page","type-page","status-publish"],"_links":{"self":[{"href":"https:\/\/mtnconcept.net\/vi\/wp-json\/wp\/v2\/pages\/19866","targetHints":{"allow":["GET"]}}],"collection":[{"href":"https:\/\/mtnconcept.net\/vi\/wp-json\/wp\/v2\/pages"}],"about":[{"href":"https:\/\/mtnconcept.net\/vi\/wp-json\/wp\/v2\/types\/page"}],"author":[{"embeddable":true,"href":"https:\/\/mtnconcept.net\/vi\/wp-json\/wp\/v2\/users\/1"}],"replies":[{"embeddable":true,"href":"https:\/\/mtnconcept.net\/vi\/wp-json\/wp\/v2\/comments?post=19866"}],"version-history":[{"count":7,"href":"https:\/\/mtnconcept.net\/vi\/wp-json\/wp\/v2\/pages\/19866\/revisions"}],"predecessor-version":[{"id":19937,"href":"https:\/\/mtnconcept.net\/vi\/wp-json\/wp\/v2\/pages\/19866\/revisions\/19937"}],"wp:attachment":[{"href":"https:\/\/mtnconcept.net\/vi\/wp-json\/wp\/v2\/media?parent=19866"}],"curies":[{"name":"wp","href":"https:\/\/api.w.org\/{rel}","templated":true}]}}