{"id":19872,"date":"2021-06-21T12:02:28","date_gmt":"2021-06-21T10:02:28","guid":{"rendered":"https:\/\/mtnconcept.net\/?page_id=19872"},"modified":"2021-09-01T10:54:12","modified_gmt":"2021-09-01T08:54:12","slug":"cac-trang-mang-xa-hoi-quang-cao-tren-mang-xa-hoi","status":"publish","type":"page","link":"https:\/\/mtnconcept.net\/vi\/cac-trang-mang-xa-hoi-quang-cao-tren-mang-xa-hoi\/","title":{"rendered":"C\u00e1c trang m\u1ea1ng x\u00e3 h\u1ed9i"},"content":{"rendered":"<div class=\"gb-container gb-container-5661f3d8\"><div class=\"gb-inside-container\">\n\n<h1 class=\"gb-headline gb-headline-60d63e9e gb-headline-text\"><mark class=\"gb-highlight\">c\u00e1c trang m\u1ea1ng x\u00e3 h\u1ed9i<\/mark><\/h1>\n\n<\/div><div class=\"gb-shapes\"><div class=\"gb-shape gb-shape-1\"><svg xmlns=\"http:\/\/www.w3.org\/2000\/svg\" viewBox=\"0 0 1200 70\" preserveAspectRatio=\"none\"><path d=\"M1200 0v70H0V0h530l70 50 70-50z\"\/><\/svg><\/div><\/div><\/div>\n\n<div class=\"gb-container gb-container-9527074d\"><div class=\"gb-inside-container\">\n<div class=\"gb-container gb-container-1ccac659\"><div class=\"gb-inside-container\">\n<div class=\"gb-grid-wrapper gb-grid-wrapper-6adc97b5\">\n<div class=\"gb-grid-column gb-grid-column-6d184798\"><div class=\"gb-container gb-container-6d184798\"><div class=\"gb-inside-container\">\n\n<figure class=\"wp-block-image size-large\"><img loading=\"lazy\" decoding=\"async\" width=\"256\" height=\"256\" src=\"https:\/\/mtnconcept.net\/wp-content\/uploads\/2021\/05\/referencement-social-smo.png\" alt=\"r\u00e9f\u00e9rencement social smo\" class=\"wp-image-19757\" srcset=\"https:\/\/mtnconcept.net\/wp-content\/uploads\/2021\/05\/referencement-social-smo.png 256w, https:\/\/mtnconcept.net\/wp-content\/uploads\/2021\/05\/referencement-social-smo-150x150.png 150w\" sizes=\"auto, (max-width: 256px) 100vw, 256px\" \/><\/figure>\n\n<\/div><\/div><\/div>\n\n<div class=\"gb-grid-column gb-grid-column-52f755e4\"><div class=\"gb-container gb-container-52f755e4\"><div class=\"gb-inside-container\">\n\n<h2 class=\"gb-headline gb-headline-3f07f5f1 gb-headline-text\">QU\u1ea2NG C\u00c1O \u2013 CHU\u1ea8N SEO TR\u00caN C\u00c1C TRANG M\u1ea0NG X\u00c3 H\u1ed8I<\/h2>\n\n\n\n<p class=\"has-text-align-left\" style=\"font-size:14px\">\u0110\u00e2y l\u00e0 nh\u1eefng k\u00eanh \u0111\u1ed9c l\u1eadp, b\u1ed5 sung cho c\u00f4ng t\u00e1c SEO (t\u1ed1i \u01b0u h\u00f3a c\u00f4ng c\u1ee5 t\u00ecm ki\u1ebfm t\u1ef1 nhi\u00ean), ho\u1ea1t \u0111\u1ed9ng c\u1ee7a m\u1ea1ng x\u00e3 h\u1ed9i c\u00f3 nhi\u1ec1u m\u1ee5c ti\u00eau v\u00e0 ng\u01b0\u1eddi th\u1ef1c hi\u1ec7n ch\u00ednh l\u00e0 community manager (ng\u01b0\u1eddi \u0111\u1ea1i di\u1ec7n th\u01b0\u01a1ng hi\u1ec7u, k\u1ebft n\u1ed1i kh\u00e1ch h\u00e0ng ti\u1ec1m n\u0103ng v\u00e0 x\u00e2y d\u1ef1ng quan h\u1ec7 v\u1edbi c\u00e1c kh\u00e1ch h\u00e0ng).<\/p>\n\n\n\n<p style=\"font-size:14px\">C\u00e1c th\u01b0\u01a1ng hi\u1ec7u v\u00e0 doanh nghi\u1ec7p nh\u1edd nh\u1eefng community managers \u0111\u1ec3 l\u00e0m t\u0103ng uy t\u00edn c\u1ee7a h\u1ecd, thu h\u00fat kh\u00e1ch h\u00e0ng ti\u1ec1m n\u0103ng m\u1edbi, gi\u1eef ch\u00e2n kh\u00e1ch h\u00e0ng c\u0169 hay \u0111\u1ea3m nh\u1eadn vi\u1ec7c qu\u1ea3n l\u00fd quan h\u1ec7 kh\u00e1ch h\u00e0ng.<\/p>\n\n\n\n<p style=\"font-size:14px\">Tr\u00ean c\u01b0\u01a1ng v\u1ecb l\u00e0 \u0111\u1ea1i di\u1ec7n th\u01b0\u01a1ng hi\u1ec7u c\u1ee7a doanh nghi\u1ec7p, ch\u00fang t\u00f4i s\u1ebd ph\u1ee5 tr\u00e1ch nh\u1eefng c\u00f4ng vi\u1ec7c sau \u0111\u00e2y:<\/p>\n\n\n\n<h6 class=\"gb-headline gb-headline-ce438792 gb-headline-text\">Chi\u1ebfn l\u01b0\u1ee3c giao ti\u1ebfp hay giao ti\u1ebfp m\u1ea1ng<br>Cung c\u1ea5p th\u00f4ng tin &amp; th\u00f4ng tin v\u1ec1 c\u1ea1nh tranh<br>Ch\u0103m s\u00f3c cho danh ti\u1ebfng c\u1ee7a doanh nghi\u1ec7p tr\u00ean Internet<br>K\u00edch ho\u1ea1t &amp; t\u1ef1 nguy\u1ec7n tham gia c\u1ee7a c\u1ed9ng \u0111\u1ed3ng<br>T\u1ea1o th\u00f4ng \u0111i\u1ec7p &amp; l\u00ean k\u1ebf ho\u1ea1ch \u0111\u0103ng t\u1ea3i b\u00e0i vi\u1ebft<br>Quan h\u1ec7 kh\u00e1ch hang<br>Quan h\u1ec7 v\u1edbi ng\u01b0\u1eddi vi\u1ebft blog v\u00e0 ng\u01b0\u1eddi li\u00ean quan<br>C\u00f9ng hi\u1ec7p l\u1ef1c v\u1edbi SEO (t\u1ed1i \u01b0u h\u00f3a c\u00f4ng c\u1ee5 t\u00ecm ki\u1ebfm)<\/h6>\n\n<\/div><\/div><\/div>\n<\/div>\n<\/div><\/div>\n<\/div><div class=\"gb-shapes\"><div class=\"gb-shape gb-shape-1\"><svg xmlns=\"http:\/\/www.w3.org\/2000\/svg\" viewBox=\"0 0 1200 70\" preserveAspectRatio=\"none\"><path d=\"M1200 0v70H0V0h530l70 50 70-50z\"\/><\/svg><\/div><\/div><\/div>\n\n<div class=\"gb-container gb-container-6d5ed3b8\"><div class=\"gb-inside-container\">\n<div class=\"gb-grid-wrapper gb-grid-wrapper-c4595b74\"><\/div>\n\n<div class=\"gb-grid-wrapper gb-grid-wrapper-e7befc1d\"><\/div>\n\n<div class=\"gb-grid-wrapper gb-grid-wrapper-28da3ab9\"><\/div>\n\n<div class=\"gb-grid-wrapper gb-grid-wrapper-13fdf8da\"><\/div>\n\n<div class=\"gb-grid-wrapper gb-grid-wrapper-d63a4dd5\">\n<div class=\"gb-grid-column gb-grid-column-cb9af64d\"><div class=\"gb-container gb-container-cb9af64d\"><div class=\"gb-inside-container\">\n\n<h4 class=\"gb-headline gb-headline-222baad1 gb-headline-text\">QU\u1ea2NG C\u00c1O TR\u00caN M\u1ea0NG X\u00c3 H\u1ed8I\/T\u1ed0I \u01afU H\u00d3A C\u00d4NG C\u1ee4 T\u00ccM KI\u1ebeM<\/h4>\n\n<\/div><\/div><\/div>\n\n<div class=\"gb-grid-column gb-grid-column-0201bc1c\"><div class=\"gb-container gb-container-0201bc1c\"><div class=\"gb-inside-container\">\n\n<p class=\"has-text-align-left\" style=\"font-size:14px\">V\u1edbi h\u00ecnh th\u1ee9c qu\u1ea3ng c\u00e1o t\u00ednh ph\u00ed cho c\u00e1c c\u00f4ng c\u1ee5 t\u00ecm ki\u1ebfm (SEA \u2013 qu\u1ea3ng c\u00e1o tr\u00ean c\u00e1c c\u00f4ng c\u1ee5 t\u00ecm ki\u1ebfm) hay cho c\u00e1c m\u1ea1ng x\u00e3 h\u1ed9i (SMA \u2013 t\u0103ng l\u01b0u l\u01b0\u1ee3ng truy c\u1eadp th\u00f4ng qua qu\u1ea3ng c\u00e1o), doanh nghi\u1ec7p s\u1ebd nh\u1eadn \u0111\u01b0\u1ee3c ngay k\u1ebft qu\u1ea3. C\u00e1c b\u1ea3n tin qu\u1ea3ng c\u00e1o c\u1ee7a doanh nghi\u1ec7p \u0111\u01b0\u1ee3c hi\u1ec3n th\u1ecb li\u1ec1n ngay khi \u0111\u0103ng tr\u00ean c\u00f4ng c\u1ee5 t\u00ecm ki\u1ebfm v\u00e0\/ hay tr\u00ean m\u1ea1ng x\u00e3 h\u1ed9i.<\/p>\n\n\n\n<p class=\"has-text-align-left\" style=\"font-size:14px\">Ch\u00fang t\u00f4i x\u00e1c \u0111\u1ecbnh ch\u00ednh x\u00e1c c\u00e1c t\u1eeb kh\u00f3a v\u00e0 nh\u1eafm v\u00e0o \u0111\u1ed1i t\u01b0\u1ee3ng kh\u00e1ch h\u00e0ng c\u1ee7a doanh nghi\u1ec7p c\u0169ng nh\u01b0 l\u00ean k\u1ebf ho\u1ea1ch cho vi\u1ec7c \u0111\u0103ng t\u1ea3i th\u00f4ng tin (th\u1eddi gian, ng\u00e0y, gi\u1edd). Trong chi\u1ebfn l\u01b0\u1ee3c chung, c\u00e1c m\u1ea1ng internet v\u00e0 m\u1ea1ng x\u00e3 h\u1ed9i h\u1ed7 tr\u1ee3 cho nhau v\u00e0 c\u1ee7ng c\u1ed1 m\u1ee5c ti\u00eau c\u1ee7a SEO v\u00e0 SMO.<\/p>\n\n<\/div><\/div><\/div>\n<\/div>\n<\/div><div class=\"gb-shapes\"><div class=\"gb-shape gb-shape-1\"><svg xmlns=\"http:\/\/www.w3.org\/2000\/svg\" viewBox=\"0 0 1200 70\" preserveAspectRatio=\"none\"><path d=\"M1200 0v70H0V0h530l70 50 70-50z\"\/><\/svg><\/div><\/div><\/div>\n\n<div class=\"gb-container gb-container-2da1393f\"><div class=\"gb-inside-container\">\n\n<h2 class=\"gb-headline gb-headline-34aa2eee gb-headline-text\"><strong>ROSTRA NOVA<\/strong> &#8211; Facebook <\/h2>\n\n\n\n<div style=\"height:16px\" aria-hidden=\"true\" class=\"wp-block-spacer\"><\/div>\n\n\n<div class=\"gb-grid-wrapper gb-grid-wrapper-826c55a8\">\n<div class=\"gb-grid-column gb-grid-column-3da4105a\"><div class=\"gb-container gb-container-3da4105a\"><div class=\"gb-inside-container\">\n\n<figure class=\"wp-block-image size-large\"><img loading=\"lazy\" decoding=\"async\" width=\"1024\" height=\"1024\" src=\"https:\/\/mtnconcept.net\/wp-content\/uploads\/2021\/05\/fleuriste-1024x1024.jpg\" alt=\"campgane fb Fleuriste\" class=\"wp-image-19762\" srcset=\"https:\/\/mtnconcept.net\/wp-content\/uploads\/2021\/05\/fleuriste-1024x1024.jpg 1024w, https:\/\/mtnconcept.net\/wp-content\/uploads\/2021\/05\/fleuriste-300x300.jpg 300w, https:\/\/mtnconcept.net\/wp-content\/uploads\/2021\/05\/fleuriste-150x150.jpg 150w, https:\/\/mtnconcept.net\/wp-content\/uploads\/2021\/05\/fleuriste-768x768.jpg 768w, https:\/\/mtnconcept.net\/wp-content\/uploads\/2021\/05\/fleuriste-1536x1536.jpg 1536w, https:\/\/mtnconcept.net\/wp-content\/uploads\/2021\/05\/fleuriste.jpg 2000w\" sizes=\"auto, (max-width: 1024px) 100vw, 1024px\" \/><\/figure>\n\n<\/div><\/div><\/div>\n\n<div class=\"gb-grid-column gb-grid-column-b0f01d6e\"><div class=\"gb-container gb-container-b0f01d6e\"><div class=\"gb-inside-container\">\n\n<figure class=\"wp-block-image size-large\"><img loading=\"lazy\" decoding=\"async\" width=\"1024\" height=\"1024\" src=\"https:\/\/mtnconcept.net\/wp-content\/uploads\/2021\/05\/artiste-peintre-1024x1024.jpg\" alt=\"campagne facebook - artiste peintre\" class=\"wp-image-19761\" srcset=\"https:\/\/mtnconcept.net\/wp-content\/uploads\/2021\/05\/artiste-peintre-1024x1024.jpg 1024w, https:\/\/mtnconcept.net\/wp-content\/uploads\/2021\/05\/artiste-peintre-300x300.jpg 300w, https:\/\/mtnconcept.net\/wp-content\/uploads\/2021\/05\/artiste-peintre-150x150.jpg 150w, https:\/\/mtnconcept.net\/wp-content\/uploads\/2021\/05\/artiste-peintre-768x768.jpg 768w, https:\/\/mtnconcept.net\/wp-content\/uploads\/2021\/05\/artiste-peintre-1536x1536.jpg 1536w, https:\/\/mtnconcept.net\/wp-content\/uploads\/2021\/05\/artiste-peintre.jpg 2000w\" sizes=\"auto, (max-width: 1024px) 100vw, 1024px\" \/><\/figure>\n\n<\/div><\/div><\/div>\n\n<div class=\"gb-grid-column gb-grid-column-7f408e52\"><div class=\"gb-container gb-container-7f408e52\"><div class=\"gb-inside-container\">\n\n<figure class=\"wp-block-image size-large\"><img loading=\"lazy\" decoding=\"async\" width=\"1024\" height=\"1024\" src=\"https:\/\/mtnconcept.net\/wp-content\/uploads\/2021\/05\/tatoueur-1024x1024.jpg\" alt=\"\" class=\"wp-image-19763\" srcset=\"https:\/\/mtnconcept.net\/wp-content\/uploads\/2021\/05\/tatoueur-1024x1024.jpg 1024w, https:\/\/mtnconcept.net\/wp-content\/uploads\/2021\/05\/tatoueur-300x300.jpg 300w, https:\/\/mtnconcept.net\/wp-content\/uploads\/2021\/05\/tatoueur-150x150.jpg 150w, https:\/\/mtnconcept.net\/wp-content\/uploads\/2021\/05\/tatoueur-768x768.jpg 768w, https:\/\/mtnconcept.net\/wp-content\/uploads\/2021\/05\/tatoueur-1536x1536.jpg 1536w, https:\/\/mtnconcept.net\/wp-content\/uploads\/2021\/05\/tatoueur.jpg 2000w\" sizes=\"auto, (max-width: 1024px) 100vw, 1024px\" \/><\/figure>\n\n<\/div><\/div><\/div>\n<\/div>\n\n<div class=\"gb-grid-wrapper gb-grid-wrapper-a16bd6ad\">\n<div class=\"gb-grid-column gb-grid-column-d543fcb7\"><div class=\"gb-container gb-container-d543fcb7\"><div class=\"gb-inside-container\">\n\n<figure class=\"wp-block-image size-large\"><img loading=\"lazy\" decoding=\"async\" width=\"1024\" height=\"1024\" src=\"https:\/\/mtnconcept.net\/wp-content\/uploads\/2021\/05\/freelancer-1024x1024.jpg\" alt=\"publicit\u00e9 facebook - Freelancer\" class=\"wp-image-19765\" srcset=\"https:\/\/mtnconcept.net\/wp-content\/uploads\/2021\/05\/freelancer-1024x1024.jpg 1024w, https:\/\/mtnconcept.net\/wp-content\/uploads\/2021\/05\/freelancer-300x300.jpg 300w, https:\/\/mtnconcept.net\/wp-content\/uploads\/2021\/05\/freelancer-150x150.jpg 150w, https:\/\/mtnconcept.net\/wp-content\/uploads\/2021\/05\/freelancer-768x768.jpg 768w, https:\/\/mtnconcept.net\/wp-content\/uploads\/2021\/05\/freelancer-1536x1536.jpg 1536w, https:\/\/mtnconcept.net\/wp-content\/uploads\/2021\/05\/freelancer.jpg 2000w\" sizes=\"auto, (max-width: 1024px) 100vw, 1024px\" \/><\/figure>\n\n<\/div><\/div><\/div>\n\n<div class=\"gb-grid-column gb-grid-column-444a783f\"><div class=\"gb-container gb-container-444a783f\"><div class=\"gb-inside-container\">\n\n<figure class=\"wp-block-image size-large\"><img loading=\"lazy\" decoding=\"async\" width=\"1024\" height=\"1024\" src=\"https:\/\/mtnconcept.net\/wp-content\/uploads\/2021\/05\/couturier-1024x1024.jpg\" alt=\"pub fb - Couturier\" class=\"wp-image-19767\" srcset=\"https:\/\/mtnconcept.net\/wp-content\/uploads\/2021\/05\/couturier-1024x1024.jpg 1024w, https:\/\/mtnconcept.net\/wp-content\/uploads\/2021\/05\/couturier-300x300.jpg 300w, https:\/\/mtnconcept.net\/wp-content\/uploads\/2021\/05\/couturier-150x150.jpg 150w, https:\/\/mtnconcept.net\/wp-content\/uploads\/2021\/05\/couturier-768x768.jpg 768w, https:\/\/mtnconcept.net\/wp-content\/uploads\/2021\/05\/couturier-1536x1536.jpg 1536w, https:\/\/mtnconcept.net\/wp-content\/uploads\/2021\/05\/couturier.jpg 2000w\" sizes=\"auto, (max-width: 1024px) 100vw, 1024px\" \/><\/figure>\n\n<\/div><\/div><\/div>\n\n<div class=\"gb-grid-column gb-grid-column-2d1bf5e6\"><div class=\"gb-container gb-container-2d1bf5e6\"><div class=\"gb-inside-container\">\n\n<figure class=\"wp-block-image size-large\"><img loading=\"lazy\" decoding=\"async\" width=\"1024\" height=\"1024\" src=\"https:\/\/mtnconcept.net\/wp-content\/uploads\/2021\/05\/chapelier-1024x1024.jpg\" alt=\"facebook promo Chapelier\" class=\"wp-image-19768\" srcset=\"https:\/\/mtnconcept.net\/wp-content\/uploads\/2021\/05\/chapelier-1024x1024.jpg 1024w, https:\/\/mtnconcept.net\/wp-content\/uploads\/2021\/05\/chapelier-300x300.jpg 300w, https:\/\/mtnconcept.net\/wp-content\/uploads\/2021\/05\/chapelier-150x150.jpg 150w, https:\/\/mtnconcept.net\/wp-content\/uploads\/2021\/05\/chapelier-768x768.jpg 768w, https:\/\/mtnconcept.net\/wp-content\/uploads\/2021\/05\/chapelier-1536x1536.jpg 1536w, https:\/\/mtnconcept.net\/wp-content\/uploads\/2021\/05\/chapelier.jpg 2000w\" sizes=\"auto, (max-width: 1024px) 100vw, 1024px\" \/><\/figure>\n\n<\/div><\/div><\/div>\n<\/div>\n\n\n<div style=\"height:32px\" aria-hidden=\"true\" class=\"wp-block-spacer\"><\/div>\n\n\n\n<h2 class=\"gb-headline gb-headline-854e295f gb-headline-text\"><strong>GROWING WOLRD<\/strong> &#8211; Linkedin <\/h2>\n\n\n<div class=\"gb-grid-wrapper gb-grid-wrapper-14f197f2\">\n<div class=\"gb-grid-column gb-grid-column-db0e0ef4\"><div class=\"gb-container gb-container-db0e0ef4\"><div class=\"gb-inside-container\">\n\n<figure class=\"wp-block-image size-large\"><img loading=\"lazy\" decoding=\"async\" width=\"520\" height=\"520\" src=\"https:\/\/mtnconcept.net\/wp-content\/uploads\/2021\/05\/concours-facebook-en.jpg\" alt=\"\" class=\"wp-image-19773\" srcset=\"https:\/\/mtnconcept.net\/wp-content\/uploads\/2021\/05\/concours-facebook-en.jpg 520w, https:\/\/mtnconcept.net\/wp-content\/uploads\/2021\/05\/concours-facebook-en-300x300.jpg 300w, https:\/\/mtnconcept.net\/wp-content\/uploads\/2021\/05\/concours-facebook-en-150x150.jpg 150w\" sizes=\"auto, (max-width: 520px) 100vw, 520px\" \/><\/figure>\n\n<\/div><\/div><\/div>\n\n<div class=\"gb-grid-column gb-grid-column-baa7ec26\"><div class=\"gb-container gb-container-baa7ec26\"><div class=\"gb-inside-container\">\n\n<figure class=\"wp-block-image size-large\"><img loading=\"lazy\" decoding=\"async\" width=\"520\" height=\"520\" src=\"https:\/\/mtnconcept.net\/wp-content\/uploads\/2021\/05\/fb-contest-vn.jpg\" alt=\"\" class=\"wp-image-19774\" srcset=\"https:\/\/mtnconcept.net\/wp-content\/uploads\/2021\/05\/fb-contest-vn.jpg 520w, https:\/\/mtnconcept.net\/wp-content\/uploads\/2021\/05\/fb-contest-vn-300x300.jpg 300w, https:\/\/mtnconcept.net\/wp-content\/uploads\/2021\/05\/fb-contest-vn-150x150.jpg 150w\" sizes=\"auto, (max-width: 520px) 100vw, 520px\" \/><\/figure>\n\n<\/div><\/div><\/div>\n\n<div class=\"gb-grid-column gb-grid-column-b1118a71\"><div class=\"gb-container gb-container-b1118a71\"><div class=\"gb-inside-container\">\n\n<figure class=\"wp-block-image size-large\"><img loading=\"lazy\" decoding=\"async\" width=\"520\" height=\"520\" src=\"https:\/\/mtnconcept.net\/wp-content\/uploads\/2021\/05\/contest-winner.jpg\" alt=\"\" class=\"wp-image-19775\" srcset=\"https:\/\/mtnconcept.net\/wp-content\/uploads\/2021\/05\/contest-winner.jpg 520w, https:\/\/mtnconcept.net\/wp-content\/uploads\/2021\/05\/contest-winner-300x300.jpg 300w, https:\/\/mtnconcept.net\/wp-content\/uploads\/2021\/05\/contest-winner-150x150.jpg 150w\" sizes=\"auto, (max-width: 520px) 100vw, 520px\" \/><\/figure>\n\n<\/div><\/div><\/div>\n<\/div>\n\n<div class=\"gb-grid-wrapper gb-grid-wrapper-19b4a66f\">\n<div class=\"gb-grid-column gb-grid-column-63806469\"><div class=\"gb-container gb-container-63806469\"><div class=\"gb-inside-container\">\n\n<figure class=\"wp-block-image size-large\"><img loading=\"lazy\" decoding=\"async\" width=\"1024\" height=\"687\" src=\"https:\/\/mtnconcept.net\/wp-content\/uploads\/2021\/05\/A9-BRICAR-1024x687.jpg\" alt=\"\" class=\"wp-image-19776\" srcset=\"https:\/\/mtnconcept.net\/wp-content\/uploads\/2021\/05\/A9-BRICAR-1024x687.jpg 1024w, https:\/\/mtnconcept.net\/wp-content\/uploads\/2021\/05\/A9-BRICAR-300x201.jpg 300w, https:\/\/mtnconcept.net\/wp-content\/uploads\/2021\/05\/A9-BRICAR-768x515.jpg 768w, https:\/\/mtnconcept.net\/wp-content\/uploads\/2021\/05\/A9-BRICAR-1536x1031.jpg 1536w, https:\/\/mtnconcept.net\/wp-content\/uploads\/2021\/05\/A9-BRICAR.jpg 1794w\" sizes=\"auto, (max-width: 1024px) 100vw, 1024px\" \/><\/figure>\n\n<\/div><\/div><\/div>\n\n<div class=\"gb-grid-column gb-grid-column-2f57ec7d\"><div class=\"gb-container gb-container-2f57ec7d\"><div class=\"gb-inside-container\">\n\n<figure class=\"wp-block-image size-large\"><img loading=\"lazy\" decoding=\"async\" width=\"1024\" height=\"687\" src=\"https:\/\/mtnconcept.net\/wp-content\/uploads\/2021\/05\/A9-BRICAR-VN-1024x687.jpg\" alt=\"\" class=\"wp-image-19777\" srcset=\"https:\/\/mtnconcept.net\/wp-content\/uploads\/2021\/05\/A9-BRICAR-VN-1024x687.jpg 1024w, https:\/\/mtnconcept.net\/wp-content\/uploads\/2021\/05\/A9-BRICAR-VN-300x201.jpg 300w, https:\/\/mtnconcept.net\/wp-content\/uploads\/2021\/05\/A9-BRICAR-VN-768x515.jpg 768w, https:\/\/mtnconcept.net\/wp-content\/uploads\/2021\/05\/A9-BRICAR-VN-1536x1031.jpg 1536w, https:\/\/mtnconcept.net\/wp-content\/uploads\/2021\/05\/A9-BRICAR-VN.jpg 1794w\" sizes=\"auto, (max-width: 1024px) 100vw, 1024px\" \/><\/figure>\n\n<\/div><\/div><\/div>\n<\/div>\n<\/div><\/div>\n\n<div class=\"gb-container gb-container-e4d0de79\"><div class=\"gb-inside-container\">\n\n<h4 class=\"gb-headline gb-headline-5058fc65\"><span class=\"gb-icon\"><svg aria-hidden=\"true\" role=\"img\" height=\"1em\" width=\"1em\" viewBox=\"0 0 384 512\" xmlns=\"http:\/\/www.w3.org\/2000\/svg\"><path fill=\"currentColor\" d=\"M97.12 362.63c-8.69-8.69-4.16-6.24-25.12-11.85-9.51-2.55-17.87-7.45-25.43-13.32L1.2 448.7c-4.39 10.77 3.81 22.47 15.43 22.03l52.69-2.01L105.56 507c8 8.44 22.04 5.81 26.43-4.96l52.05-127.62c-10.84 6.04-22.87 9.58-35.31 9.58-19.5 0-37.82-7.59-51.61-21.37zM382.8 448.7l-45.37-111.24c-7.56 5.88-15.92 10.77-25.43 13.32-21.07 5.64-16.45 3.18-25.12 11.85-13.79 13.78-32.12 21.37-51.62 21.37-12.44 0-24.47-3.55-35.31-9.58L252 502.04c4.39 10.77 18.44 13.4 26.43 4.96l36.25-38.28 52.69 2.01c11.62.44 19.82-11.27 15.43-22.03zM263 340c15.28-15.55 17.03-14.21 38.79-20.14 13.89-3.79 24.75-14.84 28.47-28.98 7.48-28.4 5.54-24.97 25.95-45.75 10.17-10.35 14.14-25.44 10.42-39.58-7.47-28.38-7.48-24.42 0-52.83 3.72-14.14-.25-29.23-10.42-39.58-20.41-20.78-18.47-17.36-25.95-45.75-3.72-14.14-14.58-25.19-28.47-28.98-27.88-7.61-24.52-5.62-44.95-26.41-10.17-10.35-25-14.4-38.89-10.61-27.87 7.6-23.98 7.61-51.9 0-13.89-3.79-28.72.25-38.89 10.61-20.41 20.78-17.05 18.8-44.94 26.41-13.89 3.79-24.75 14.84-28.47 28.98-7.47 28.39-5.54 24.97-25.95 45.75-10.17 10.35-14.15 25.44-10.42 39.58 7.47 28.36 7.48 24.4 0 52.82-3.72 14.14.25 29.23 10.42 39.59 20.41 20.78 18.47 17.35 25.95 45.75 3.72 14.14 14.58 25.19 28.47 28.98C104.6 325.96 106.27 325 121 340c13.23 13.47 33.84 15.88 49.74 5.82a39.676 39.676 0 0 1 42.53 0c15.89 10.06 36.5 7.65 49.73-5.82zM97.66 175.96c0-53.03 42.24-96.02 94.34-96.02s94.34 42.99 94.34 96.02-42.24 96.02-94.34 96.02-94.34-42.99-94.34-96.02z\"><\/path><\/svg><\/span><span class=\"gb-headline-text\">Ch\u00fang t\u00f4i lu\u00f4n \u0111\u1ed3ng h\u00e0nh c\u00f9ng v\u1edbi doanh nghi\u1ec7p trong m\u1ecdi t\u00ecnh hu\u1ed1ng, v\u1edbi m\u1ee9c chi ph\u00ed tr\u1ecdn g\u00f3i ho\u1eb7c t\u00f9y ch\u1ecdn ph\u00f9 h\u1ee3p v\u1edbi ng\u00e2n s\u00e1ch v\u00e0 v\u1edbi nhu c\u1ea7u \u0111\u1eb7c th\u00f9 c\u1ee7a doanh nghi\u1ec7p.<\/span><\/h4>\n\n\n\n<p class=\"gb-headline gb-headline-3f99ef24 gb-headline-text\"><\/p>\n\n<\/div><div class=\"gb-shapes\"><div class=\"gb-shape gb-shape-1\"><svg xmlns=\"http:\/\/www.w3.org\/2000\/svg\" viewBox=\"0 0 1200 70\" preserveAspectRatio=\"none\"><path d=\"M670 50L600 0l-70 50H0v20h1200V50z\"\/><\/svg><\/div><div class=\"gb-shape gb-shape-2\"><svg xmlns=\"http:\/\/www.w3.org\/2000\/svg\" viewBox=\"0 0 1200 70\" preserveAspectRatio=\"none\"><path d=\"M670 50L600 0l-70 50H0v20h1200V50z\"\/><\/svg><\/div><\/div><\/div>\n\n\n<p><\/p>\n","protected":false},"excerpt":{"rendered":"<p>c\u00e1c trang m\u1ea1ng x\u00e3 h\u1ed9i ROSTRA NOVA &#8211; Facebook GROWING WOLRD &#8211; Linkedin Ch\u00fang t\u00f4i lu\u00f4n \u0111\u1ed3ng h\u00e0nh c\u00f9ng v\u1edbi doanh nghi\u1ec7p trong m\u1ecdi t\u00ecnh hu\u1ed1ng, v\u1edbi m\u1ee9c chi ph\u00ed tr\u1ecdn g\u00f3i ho\u1eb7c t\u00f9y ch\u1ecdn ph\u00f9 h\u1ee3p v\u1edbi ng\u00e2n s\u00e1ch v\u00e0 v\u1edbi nhu c\u1ea7u \u0111\u1eb7c th\u00f9 c\u1ee7a doanh nghi\u1ec7p.<\/p>\n","protected":false},"author":1,"featured_media":0,"parent":0,"menu_order":0,"comment_status":"closed","ping_status":"closed","template":"","meta":{"footnotes":""},"class_list":["post-19872","page","type-page","status-publish"],"_links":{"self":[{"href":"https:\/\/mtnconcept.net\/vi\/wp-json\/wp\/v2\/pages\/19872","targetHints":{"allow":["GET"]}}],"collection":[{"href":"https:\/\/mtnconcept.net\/vi\/wp-json\/wp\/v2\/pages"}],"about":[{"href":"https:\/\/mtnconcept.net\/vi\/wp-json\/wp\/v2\/types\/page"}],"author":[{"embeddable":true,"href":"https:\/\/mtnconcept.net\/vi\/wp-json\/wp\/v2\/users\/1"}],"replies":[{"embeddable":true,"href":"https:\/\/mtnconcept.net\/vi\/wp-json\/wp\/v2\/comments?post=19872"}],"version-history":[{"count":2,"href":"https:\/\/mtnconcept.net\/vi\/wp-json\/wp\/v2\/pages\/19872\/revisions"}],"predecessor-version":[{"id":19927,"href":"https:\/\/mtnconcept.net\/vi\/wp-json\/wp\/v2\/pages\/19872\/revisions\/19927"}],"wp:attachment":[{"href":"https:\/\/mtnconcept.net\/vi\/wp-json\/wp\/v2\/media?parent=19872"}],"curies":[{"name":"wp","href":"https:\/\/api.w.org\/{rel}","templated":true}]}}