{"id":19883,"date":"2021-06-21T12:22:56","date_gmt":"2021-06-21T10:22:56","guid":{"rendered":"https:\/\/mtnconcept.net\/?page_id=19883"},"modified":"2021-09-01T10:26:28","modified_gmt":"2021-09-01T08:26:28","slug":"mtn-concept","status":"publish","type":"page","link":"https:\/\/mtnconcept.net\/vi\/mtn-concept\/","title":{"rendered":"MTN Concept"},"content":{"rendered":"<div class=\"gb-container gb-container-d0829f3d\"><div class=\"gb-inside-container\">\n\n<h1 class=\"gb-headline gb-headline-007886a8 gb-headline-text\"><mark class=\"gb-highlight\">MTN Concept<\/mark><\/h1>\n\n<\/div><div class=\"gb-shapes\"><div class=\"gb-shape gb-shape-1\"><svg xmlns=\"http:\/\/www.w3.org\/2000\/svg\" viewBox=\"0 0 1200 70\" preserveAspectRatio=\"none\"><path d=\"M1200 0v70H0V0h530l70 50 70-50z\"\/><\/svg><\/div><\/div><\/div>\n\n<div class=\"gb-container gb-container-9113f02b\"><div class=\"gb-inside-container\">\n<div class=\"gb-container gb-container-297c9047\"><div class=\"gb-inside-container\">\n<div class=\"gb-grid-wrapper gb-grid-wrapper-6adc97b5\">\n<div class=\"gb-grid-column gb-grid-column-6d184798\"><div class=\"gb-container gb-container-6d184798\"><div class=\"gb-inside-container\">\n\n<figure class=\"wp-block-image size-large\"><img loading=\"lazy\" decoding=\"async\" width=\"300\" height=\"300\" src=\"https:\/\/mtnconcept.net\/wp-content\/uploads\/2021\/05\/logo-mtnconcept-300px.png\" alt=\"Logo MTN Concept\" class=\"wp-image-19791\" srcset=\"https:\/\/mtnconcept.net\/wp-content\/uploads\/2021\/05\/logo-mtnconcept-300px.png 300w, https:\/\/mtnconcept.net\/wp-content\/uploads\/2021\/05\/logo-mtnconcept-300px-150x150.png 150w\" sizes=\"auto, (max-width: 300px) 100vw, 300px\" \/><\/figure>\n\n<\/div><\/div><\/div>\n\n<div class=\"gb-grid-column gb-grid-column-52f755e4\"><div class=\"gb-container gb-container-52f755e4\"><div class=\"gb-inside-container\">\n\n<p style=\"font-size:14px\">MTN CONCEPT c\u00f3 ngh\u0129a l\u00e0 g\u00ec? MTN l\u00e0 t\u1eeb vi\u1ebft t\u1eaft c\u1ee7a ch\u1eef Main Technology Network. <\/p>\n\n\n\n<p style=\"font-size:14px\">MTN Concept Web &amp; Digital Agency \u0111\u01b0\u1ee3c th\u00e0nh l\u1eadp t\u1ea1i H\u1ed3 Ch\u00ed Minh, Vi\u1ec7t Nam v\u00e0o th\u00e1ng 8 n\u0103m 2008. Ng\u01b0\u1eddi s\u00e1ng l\u1eadp doanh nghi\u1ec7p l\u00e0 \u00f4ng Marc, v\u1edbi ph\u01b0\u01a1ng ch\u00e2m t\u1eadp trung v\u00e0o vi\u1ec7c gi\u1ea3i m\u00e3 ngu\u1ed3n m\u1edf v\u00e0 cung c\u1ea5p mi\u1ec5n ph\u00ed b\u1ea3n quy\u1ec1n v\u00e0 v\u1edbi t\u1ea5t c\u1ea3 c\u00f4ng ngh\u1ec7 s\u1eb5n c\u00f3, \u00f4ng cho r\u1eb1ng WordPress \u0111\u01b0\u1ee3c cho l\u00e0 c\u00f4ng c\u1ee5 ti\u1ec1m n\u0103ng. M\u01b0\u1eddi n\u0103m sau, WordPress v\u1eabn l\u00e0 c\u00f4ng c\u1ee5 s\u1ed1 1 trong th\u1ebf gi\u1edbi CMS (qu\u1ea3n l\u00fd h\u1ec7 th\u1ed1ng d\u1eef li\u1ec7u), c\u00f4ng c\u1ee5 n\u00e0y \u0111\u00e3 nhanh ch\u00f3ng tr\u1edf th\u00e0nh script ch\u00ednh cho s\u1ef1 ph\u00e1t tri\u1ec3n c\u1ee7a doanh nghi\u1ec7p.<\/p>\n\n\n\n<p style=\"font-size:14px\">Cam k\u1ebft cung c\u1ea5p m\u00e3 ngu\u1ed3n m\u1edf \u0111\u01b0\u1ee3c \u0111\u0103ng t\u1ea3i mi\u1ec5n ph\u00ed tr\u00ean blog c\u1ee7a doanh nghi\u1ec7p Free- tools. Doanh nghi\u1ec7p n\u00e0y \u0111\u00e3 ho\u1ea1t \u0111\u00f4ng t\u1eeb ng\u00e0y 10\/08\/2007 cho \u0111\u1ebfn nay, v\u1edbi nh\u1eefng ngu\u1ed3n d\u1eef li\u1ec7u v\u00e0 c\u00f4ng c\u1ee5 mi\u1ec5n ph\u00ed cho c\u00e1c chuy\u00ean vi\u00ean l\u1eadp tr\u00ecnh v\u00e0 thi\u1ebft k\u1ebf website.<br>Ngo\u00e0i ra, Free-tools c\u00f2n h\u1ed7 tr\u1ee3 c\u00e1c doanh nghi\u1ec7p t\u00ecm ra nh\u1eefng c\u00f4ng c\u1ee5 mang t\u00ednh quy\u1ebft \u0111\u1ecbn \u0111\u1ebfn s\u1ef1 ph\u00e1t tri\u1ec3n hay s\u1ea3n xu\u1ea5t: c\u00f4ng c\u1ee5 h\u1ee3p t\u00e1c, qu\u1ea3n l\u00fd d\u1ef1 \u00e1n\u2026Hi\u1ec7n t\u1ea1i, Free Tools \u0111\u00e3 chia s\u1ebb v\u00e0 \u0111\u0103ng t\u1ea3i 1.300 tin b\u00e0i ki\u1ebfn th\u1ee9c v\u00e0 c\u00f3 kho\u1ea3ng 10.000 l\u01b0\u1ee3t truy c\u1eadp\/th\u00e1ng.<\/p>\n\n\n\n<p style=\"font-size:14px\">D\u1ef1a tr\u00ean ki\u1ebfn th\u1ee9c chuy\u00ean m\u00f4n \u0111\u01b0\u1ee3c chia s\u1ebb v\u1edbi blog Free Tools, ch\u00fang t\u00f4i t\u1ed5 ch\u1ee9c v\u00e0 t\u1eadp trung v\u00e0o ph\u00e1t tri\u1ec3n web, v\u00e0 song song ch\u00fang t\u00f4i c\u0169ng \u0111\u00e3 v\u00e0 \u0111ang cung c\u1ea5p d\u1ecbch vu chu\u1ea9n (SEO). V\u00e0o th\u1eddi \u0111i\u1ec3m th\u00e0nh l\u1eadp c\u00f4ng ty, t\u1ea1i H\u1ed3 Ch\u00ed Minh, d\u1ecbch v\u1ee5 n\u00e0y ch\u01b0a h\u1ec1 \u0111\u01b0\u1ee3c ph\u1ed5 bi\u1ebfn. Nh\u01b0ng, hi\u1ec7n nay, c\u00e1c d\u1ecbch v\u1ee5 n\u00e0y \u0111i k\u00e8m v\u1edbi d\u1ecbch v\u1ee5 qu\u1ea3n l\u00fd c\u1ed9ng \u0111\u1ed3ng v\u00e0 c\u00e1c trang m\u1ea1ng x\u00e3 h\u1ed9i.<\/p>\n\n<\/div><\/div><\/div>\n<\/div>\n<\/div><\/div>\n<\/div><div class=\"gb-shapes\"><div class=\"gb-shape gb-shape-1\"><svg xmlns=\"http:\/\/www.w3.org\/2000\/svg\" viewBox=\"0 0 1200 70\" preserveAspectRatio=\"none\"><path d=\"M1200 0v70H0V0h530l70 50 70-50z\"\/><\/svg><\/div><\/div><\/div>\n\n<div class=\"gb-container gb-container-1936b001\"><div class=\"gb-inside-container\">\n\n<h4 class=\"gb-headline gb-headline-39e43a19\"><span class=\"gb-icon\"><svg aria-hidden=\"true\" role=\"img\" height=\"1em\" width=\"1em\" viewBox=\"0 0 384 512\" xmlns=\"http:\/\/www.w3.org\/2000\/svg\"><path fill=\"currentColor\" d=\"M97.12 362.63c-8.69-8.69-4.16-6.24-25.12-11.85-9.51-2.55-17.87-7.45-25.43-13.32L1.2 448.7c-4.39 10.77 3.81 22.47 15.43 22.03l52.69-2.01L105.56 507c8 8.44 22.04 5.81 26.43-4.96l52.05-127.62c-10.84 6.04-22.87 9.58-35.31 9.58-19.5 0-37.82-7.59-51.61-21.37zM382.8 448.7l-45.37-111.24c-7.56 5.88-15.92 10.77-25.43 13.32-21.07 5.64-16.45 3.18-25.12 11.85-13.79 13.78-32.12 21.37-51.62 21.37-12.44 0-24.47-3.55-35.31-9.58L252 502.04c4.39 10.77 18.44 13.4 26.43 4.96l36.25-38.28 52.69 2.01c11.62.44 19.82-11.27 15.43-22.03zM263 340c15.28-15.55 17.03-14.21 38.79-20.14 13.89-3.79 24.75-14.84 28.47-28.98 7.48-28.4 5.54-24.97 25.95-45.75 10.17-10.35 14.14-25.44 10.42-39.58-7.47-28.38-7.48-24.42 0-52.83 3.72-14.14-.25-29.23-10.42-39.58-20.41-20.78-18.47-17.36-25.95-45.75-3.72-14.14-14.58-25.19-28.47-28.98-27.88-7.61-24.52-5.62-44.95-26.41-10.17-10.35-25-14.4-38.89-10.61-27.87 7.6-23.98 7.61-51.9 0-13.89-3.79-28.72.25-38.89 10.61-20.41 20.78-17.05 18.8-44.94 26.41-13.89 3.79-24.75 14.84-28.47 28.98-7.47 28.39-5.54 24.97-25.95 45.75-10.17 10.35-14.15 25.44-10.42 39.58 7.47 28.36 7.48 24.4 0 52.82-3.72 14.14.25 29.23 10.42 39.59 20.41 20.78 18.47 17.35 25.95 45.75 3.72 14.14 14.58 25.19 28.47 28.98C104.6 325.96 106.27 325 121 340c13.23 13.47 33.84 15.88 49.74 5.82a39.676 39.676 0 0 1 42.53 0c15.89 10.06 36.5 7.65 49.73-5.82zM97.66 175.96c0-53.03 42.24-96.02 94.34-96.02s94.34 42.99 94.34 96.02-42.24 96.02-94.34 96.02-94.34-42.99-94.34-96.02z\"><\/path><\/svg><\/span><span class=\"gb-headline-text\"><strong>Ch\u00fang t\u00f4i lu\u00f4n \u0111\u1ed3ng h\u00e0nh c\u00f9ng v\u1edbi doanh nghi\u1ec7p trong m\u1ecdi t\u00ecnh hu\u1ed1ng, v\u1edbi m\u1ee9c chi ph\u00ed tr\u1ecdn g\u00f3i ho\u1eb7c t\u00f9y ch\u1ecdn ph\u00f9 h\u1ee3p v\u1edbi ng\u00e2n s\u00e1ch v\u00e0 v\u1edbi nhu c\u1ea7u \u0111\u1eb7c th\u00f9 c\u1ee7a doanh nghi\u1ec7p.<\/strong><\/span><\/h4>\n\n\n\n<p class=\"gb-headline gb-headline-0d6a2e2b gb-headline-text\"><\/p>\n\n<\/div><div class=\"gb-shapes\"><div class=\"gb-shape gb-shape-1\"><svg xmlns=\"http:\/\/www.w3.org\/2000\/svg\" viewBox=\"0 0 1200 70\" preserveAspectRatio=\"none\"><path d=\"M670 50L600 0l-70 50H0v20h1200V50z\"\/><\/svg><\/div><\/div><\/div>\n\n\n<p><\/p>\n","protected":false},"excerpt":{"rendered":"<p>MTN Concept Ch\u00fang t\u00f4i lu\u00f4n \u0111\u1ed3ng h\u00e0nh c\u00f9ng v\u1edbi doanh nghi\u1ec7p trong m\u1ecdi t\u00ecnh hu\u1ed1ng, v\u1edbi m\u1ee9c chi ph\u00ed tr\u1ecdn g\u00f3i ho\u1eb7c t\u00f9y ch\u1ecdn ph\u00f9 h\u1ee3p v\u1edbi ng\u00e2n s\u00e1ch v\u00e0 v\u1edbi nhu c\u1ea7u \u0111\u1eb7c th\u00f9 c\u1ee7a doanh nghi\u1ec7p.<\/p>\n","protected":false},"author":1,"featured_media":0,"parent":0,"menu_order":0,"comment_status":"closed","ping_status":"closed","template":"","meta":{"footnotes":""},"class_list":["post-19883","page","type-page","status-publish"],"_links":{"self":[{"href":"https:\/\/mtnconcept.net\/vi\/wp-json\/wp\/v2\/pages\/19883","targetHints":{"allow":["GET"]}}],"collection":[{"href":"https:\/\/mtnconcept.net\/vi\/wp-json\/wp\/v2\/pages"}],"about":[{"href":"https:\/\/mtnconcept.net\/vi\/wp-json\/wp\/v2\/types\/page"}],"author":[{"embeddable":true,"href":"https:\/\/mtnconcept.net\/vi\/wp-json\/wp\/v2\/users\/1"}],"replies":[{"embeddable":true,"href":"https:\/\/mtnconcept.net\/vi\/wp-json\/wp\/v2\/comments?post=19883"}],"version-history":[{"count":2,"href":"https:\/\/mtnconcept.net\/vi\/wp-json\/wp\/v2\/pages\/19883\/revisions"}],"predecessor-version":[{"id":19911,"href":"https:\/\/mtnconcept.net\/vi\/wp-json\/wp\/v2\/pages\/19883\/revisions\/19911"}],"wp:attachment":[{"href":"https:\/\/mtnconcept.net\/vi\/wp-json\/wp\/v2\/media?parent=19883"}],"curies":[{"name":"wp","href":"https:\/\/api.w.org\/{rel}","templated":true}]}}