{"id":19894,"date":"2021-06-21T12:42:09","date_gmt":"2021-06-21T10:42:09","guid":{"rendered":"https:\/\/mtnconcept.net\/?page_id=19894"},"modified":"2021-09-01T10:59:18","modified_gmt":"2021-09-01T08:59:18","slug":"accueil","status":"publish","type":"page","link":"https:\/\/mtnconcept.net\/vi\/","title":{"rendered":"Trang ch\u1ee7"},"content":{"rendered":"<div class=\"gb-container gb-container-df1fc2a2\"><div class=\"gb-inside-container\">\n\n<div class=\"wp-block-columns is-layout-flex wp-container-core-columns-is-layout-9d6595d7 wp-block-columns-is-layout-flex\">\n<div class=\"wp-block-column is-layout-flow wp-block-column-is-layout-flow\" style=\"flex-basis:66.66%\">\n<h1 class=\"gb-headline gb-headline-c2c6c990 gb-headline-text\"><span class=\"has-inline-color has-white-color\"><strong>C\u00f4ng ty thi\u1ebft k\u1ebf  <\/strong><\/span><br><mark class=\"gb-highlight\"><strong><span class=\"has-inline-color has-vivid-cyan-blue-color\"><strong>website k\u1ef9 thu\u1eadt s\u1ed1<\/strong>.<\/span><\/strong><\/mark><\/h1>\n\n\n\n<h2 class=\"gb-headline gb-headline-afe83c8a gb-headline-text\">X\u00e2y d\u1ef1ng h\u00ecnh \u1ea3nh th\u01b0\u01a1ng hi\u1ec7u, Thi\u1ebft k\u1ebf, ph\u00e1t tri\u1ec3n website, d\u1ecbch v\u1ee5 SEO chuy\u00ean nghi\u1ec7p nh\u1eb1m thu h\u00fat kh\u00e1ch h\u00e0ng ti\u1ec1m n\u0103ng, ph\u00e1t tri\u1ec3n t\u1ed1i \u0111a c\u00e1c trang m\u1ea1ng x\u00e3 h\u1ed9i.<\/h2>\n\n\n\n<h2 class=\"gb-headline gb-headline-fa292029 gb-headline-text\">D\u1ef1a v\u00e0o chi\u1ebfn l\u01b0\u1ee3c kinh doanh, ch\u00fang t\u00f4i thi\u1ebft k\u1ebf website, t\u0103ng th\u1ee9 h\u1ea1ng hi\u1ec3n th\u1ecb website c\u1ee7a doanh nghi\u1ec7p tr\u00ean th\u1ecb tr\u01b0\u1eddng mang Internet.<\/h2>\n\n\n\n<h2 class=\"gb-headline gb-headline-ef47bad5 gb-headline-text\">V\u1edbi h\u01a1n 400 d\u1ef1 \u00e1n \u0111\u00e3 \u0111\u01b0\u1ee3c th\u1ef1c hi\u1ec7n, v\u1edbi nh\u1eefng kh\u00e1ch h\u00e0ng ho\u1ea1t \u0111\u1ed9ng trong nhi\u1ec1u l\u0129nh v\u1ef1c, v\u1edbi s\u1ef1 \u0111a d\u1ea1ng c\u1ee7a vi\u1ec7c thi\u1ebft k\u1ebf website v\u00e0 s\u1ef1 \u0111\u1ed3ng h\u00e0nh v\u1edbi kh\u00e1ch h\u00e0ng m\u1ed9t c\u00e1ch t\u1ed1i \u0111a. C\u00f4ng ty MTN Concept lu\u00f4n d\u1ef1a v\u00e0o chi\u1ebfn l\u01b0\u1ee3c kinh doanh c\u1ee7a t\u1eebng doanh nghi\u1ec7p \u0111\u1ec3 x\u00e2y d\u1ef1ng website.<\/h2>\n\n\n\n<div style=\"height:15px\" aria-hidden=\"true\" class=\"wp-block-spacer\"><\/div>\n\n\n<div class=\"gb-button-wrapper gb-button-wrapper-f3683117\">\n\n<a class=\"gb-button gb-button-c85a8ef6 gb-button-text\" href=\"https:\/\/mtnconcept.net\/vi\/lien-he\/\">D\u1ef1 \u00e1n m\u1edbi? Nhu c\u1ea7u m\u1edbi? V\u00e0 n\u1ebfu ch\u00fang ta c\u00f9ng nhau x\u00e2y d\u1ef1ng&#8230;<\/a>\n\n<\/div>\n\n\n<p><\/p>\n<\/div>\n\n\n\n<div class=\"wp-block-column is-layout-flow wp-block-column-is-layout-flow\" style=\"flex-basis:33.33%\"><\/div>\n<\/div>\n\n<\/div><div class=\"gb-shapes\"><div class=\"gb-shape gb-shape-1\"><svg xmlns=\"http:\/\/www.w3.org\/2000\/svg\" viewBox=\"0 0 1200 70\" preserveAspectRatio=\"none\"><path d=\"M1200 0v70H0V0h530l70 50 70-50z\"\/><\/svg><\/div><\/div><\/div>\n\n<div class=\"gb-container gb-container-ba844435\"><div class=\"gb-inside-container\">\n<div class=\"gb-grid-wrapper gb-grid-wrapper-4150d697\">\n<div class=\"gb-grid-column gb-grid-column-15291891\"><div class=\"gb-container gb-container-15291891\"><div class=\"gb-inside-container\">\n\n<h2 class=\"gb-headline gb-headline-1fc37d82 gb-headline-text\">C\u00e1ch ti\u1ebfp c\u1eadn<br>&amp; Ph\u01b0\u01a1ng ph\u00e1p.<\/h2>\n\n<\/div><\/div><\/div>\n\n<div class=\"gb-grid-column gb-grid-column-80ad1a38\"><div class=\"gb-container gb-container-80ad1a38\"><div class=\"gb-inside-container\">\n<div class=\"gb-grid-wrapper gb-grid-wrapper-60af17b4\">\n<div class=\"gb-grid-column gb-grid-column-acbe52e5\"><div class=\"gb-container gb-container-acbe52e5\"><div class=\"gb-inside-container\">\n\n<h3 class=\"gb-headline gb-headline-abfe1e9d gb-headline-text\">01<\/h3>\n\n\n\n<h2 class=\"gb-headline gb-headline-f7c7888c gb-headline-text\">GI\u00c1M \u0110\u1ed0C <br>&amp; DOANH NGHI\u1ec6P<\/h2>\n\n\n\n<p style=\"font-size:14px\">V\u1edbi nh\u1eefng s\u1ea3n ph\u1ea9m, nh\u1eefng d\u1ecbch v\u1ee5, nh\u1eefng \u0111i\u1ec3m m\u1ea1nh, \u0111i\u1ec3m y\u1ebfu trong l\u0129nh v\u1ef1c kinh doanh c\u1ee7a doanh nghi\u1ec7p, c\u00e1c \u0111\u1ed1i t\u01b0\u1ee3ng c\u1ea1nh tranh nh\u1eefng \u0111\u1ecbnh h\u01b0\u1edbng c\u1ee7a doanh nghi\u1ec7p mu\u1ed1n \u0111\u1ea1t \u0111\u01b0\u1ee3c, ch\u00fang t\u00f4i c\u1ea7n t\u00ecm hi\u1ec3u r\u00f5 \u0111\u1ec3 gia t\u0103ng gi\u00e1 tr\u1ecb \u0111\u00edch th\u1ef1c c\u1ee7a doanh nghi\u1ec7p. <\/p>\n\n<\/div><\/div><\/div>\n\n<div class=\"gb-grid-column gb-grid-column-ebadd7a9\"><div class=\"gb-container gb-container-ebadd7a9\"><div class=\"gb-inside-container\">\n\n<h3 class=\"gb-headline gb-headline-9c8b1ef0 gb-headline-text\">02<\/h3>\n\n\n\n<h2 class=\"gb-headline gb-headline-d828527c gb-headline-text\">SUY NGH\u0128 <br>&amp; CHI\u1ebeN L\u01af\u1ee2C<\/h2>\n\n\n\n<p class=\"has-black-color has-text-color\" style=\"font-size:14px\">D\u1ef1a v\u00e0o s\u1ef1 nghi\u00ean c\u1ee9u to\u00e0n di\u1ec7n (b\u1ea3n ki\u1ec3m tra c\u00f3 s\u1eb5n, \u0111\u1ed1i t\u01b0\u1ee3ng c\u1ea1nh tranh, danh s\u00e1ch t\u1eeb kh\u00f3a, \u0111\u1ecbnh h\u01b0\u1edbng kinh doanh) ch\u00fang t\u00f4i s\u1ebd c\u00f9ng b\u1ea1n x\u00e2y d\u1ef1ng chi\u1ebfn l\u01b0\u1ee3c qu\u1ea3ng b\u00e1 th\u01b0\u01a1ng hi\u1ec7u c\u1ee7a doanh nghi\u1ec7p v\u00e0 t\u0103ng th\u1ee9 h\u1ea1ng nh\u00e3n hi\u1ec7u c\u1ee7a doanh nghi\u1ec7p tr\u00ean c\u00e1c trang web t\u00ecm ki\u1ebfm. <\/p>\n\n<\/div><\/div><\/div>\n\n<div class=\"gb-grid-column gb-grid-column-4d7fb9be\"><div class=\"gb-container gb-container-4d7fb9be\"><div class=\"gb-inside-container\">\n\n<h3 class=\"gb-headline gb-headline-1d11cd15 gb-headline-text\">03<\/h3>\n\n\n\n<h2 class=\"gb-headline gb-headline-1e364195 gb-headline-text\">K\u1ef8 THU\u1eacT <br>&amp; TH\u1ef0C HI\u1ec6N<\/h2>\n\n\n\n<p class=\"has-black-color has-text-color\" style=\"font-size:14px\">Nh\u1edd v\u00e0o c\u00f4ng c\u1ee5 CMS (Content Management System \u2013 H\u1ec7 th\u1ed1ng qu\u1ea3n tr\u1ecb n\u1ed9i dung), ch\u00fang t\u00f4i thi\u1ebft k\u1ebf Website t\u00f9y theo nhu c\u1ea7u th\u1ef1c t\u1ebf c\u1ee7a Doanh nghi\u1ec7p, Ch\u00fang t\u00f4i s\u1ebd t\u01b0 v\u1ea5n nh\u1eefng d\u1ecbch v\u1ee5 m\u00e0 Doanh nghi\u1ec7p th\u1ef1c s\u1ef1 c\u1ea7n \u0111\u1ec3 \u0111\u01b0a ra bi\u1ec3u gi\u00e1 ho\u00e0n ch\u1ec9nh c\u00f9ng v\u1edbi ch\u1ea5t l\u01b0\u1ee3ng mong mu\u1ed1n.<\/p>\n\n<\/div><\/div><\/div>\n\n<div class=\"gb-grid-column gb-grid-column-a971b3b0\"><div class=\"gb-container gb-container-a971b3b0\"><div class=\"gb-inside-container\">\n\n<h3 class=\"gb-headline gb-headline-b63753f9 gb-headline-text\">04<\/h3>\n\n\n\n<h2 class=\"gb-headline gb-headline-d4c6db67 gb-headline-text\">X\u00c2Y D\u1ef0NG <br>&amp; QU\u1ea2NG C\u00c1O TH\u01af\u01a0NG HI\u1ec6U<\/h2>\n\n\n\n<p class=\"has-black-color has-text-color\" style=\"font-size:14px\">V\u1edbi kh\u1ea3 n\u0103ng s\u00e1ng t\u1ea1o, ch\u00fang t\u00f4i x\u00e2y d\u1ef1ng chi\u1ebfn l\u01b0\u1ee3c k\u1ef9 thu\u1eadt s\u1ed1 nh\u1eb1m thu h\u00fat kh\u00e1ch h\u00e0ng ti\u1ec1m n\u0103ng, gi\u1eef ch\u00e2n kh\u00e1ch h\u00e0ng \u0111\u00e3 v\u00e0 \u0111ang trung th\u00e0nh v\u1edbi doanh nghi\u1ec7p t\u1eeb nh\u1eefng th\u00f4ng \u0111i\u1ec7p, nh\u1eefng h\u00ecnh \u1ea3nh th\u01b0\u01a1ng hi\u1ec7u qua nhi\u1ec1u k\u00eanh th\u00f4ng tin kh\u00e1c nhau li\u00ean quan \u0111\u1ebfn m\u1ee5c ti\u00eau c\u1ee7a doanh nghi\u1ec7p.<\/p>\n\n<\/div><\/div><\/div>\n<\/div>\n<\/div><\/div><\/div>\n<\/div>\n<\/div><div class=\"gb-shapes\"><div class=\"gb-shape gb-shape-1\"><svg xmlns=\"http:\/\/www.w3.org\/2000\/svg\" viewBox=\"0 0 1200 70\" preserveAspectRatio=\"none\"><path d=\"M1200 0v70H0V0h530l70 50 70-50z\"\/><\/svg><\/div><\/div><\/div>\n\n<div class=\"gb-container gb-container-189770c8\"><div class=\"gb-inside-container\">\n<div class=\"gb-grid-wrapper gb-grid-wrapper-39db4305\">\n<div class=\"gb-grid-column gb-grid-column-2e1693d5\"><div class=\"gb-container gb-container-2e1693d5\"><div class=\"gb-inside-container\">\n\n<h2 class=\"gb-headline gb-headline-30e9872c gb-headline-text\">MTN Concept<br>&amp; C\u00e1c d\u1ecbch v\u1ee5.<\/h2>\n\n<\/div><\/div><\/div>\n\n<div class=\"gb-grid-column gb-grid-column-2a1e2068\"><div class=\"gb-container gb-container-2a1e2068\"><div class=\"gb-inside-container\">\n<div class=\"gb-grid-wrapper gb-grid-wrapper-b7962e5b\">\n<div class=\"gb-grid-column gb-grid-column-b02976ff\"><div class=\"gb-container gb-container-b02976ff\"><div class=\"gb-inside-container\">\n\n<figure class=\"wp-block-image size-large\"><img loading=\"lazy\" decoding=\"async\" width=\"64\" height=\"64\" src=\"https:\/\/mtnconcept.net\/wp-content\/uploads\/2021\/05\/communication-visuelle.png\" alt=\"\" class=\"wp-image-19672\"\/><\/figure>\n\n\n\n<h2 class=\"gb-headline gb-headline-b51cd43d gb-headline-text\">H\u00ccNH \u1ea2NH TH\u01af\u01a0NG HI\u1ec6U <\/h2>\n\n\n\n<p style=\"font-size:14px\">Logo, h\u00ecnh \u1ea3nh th\u01b0\u01a1ng hi\u1ec7u\u2026<\/p>\n\n\n\n<div class=\"wp-block-buttons is-layout-flex wp-block-buttons-is-layout-flex\">\n<div class=\"wp-block-button has-custom-width wp-block-button__width-75 is-style-outline is-style-outline--1\"><a class=\"wp-block-button__link has-vivid-cyan-blue-color has-black-background-color has-text-color has-background\" href=\"https:\/\/mtnconcept.net\/vi\/hinh-anh-thuong-hieu-doanh-nghiep\" style=\"border-radius:3px\">H\u00ecnh \u1ea3nh th\u01b0\u01a1ng hi\u1ec7u<\/a><\/div>\n<\/div>\n\n<\/div><\/div><\/div>\n\n<div class=\"gb-grid-column gb-grid-column-875c6a14\"><div class=\"gb-container gb-container-875c6a14\"><div class=\"gb-inside-container\">\n\n<figure class=\"wp-block-image size-large\"><img loading=\"lazy\" decoding=\"async\" width=\"64\" height=\"64\" src=\"https:\/\/mtnconcept.net\/wp-content\/uploads\/2021\/05\/creation-site-web.png\" alt=\"\" class=\"wp-image-19673\"\/><\/figure>\n\n\n\n<h2 class=\"gb-headline gb-headline-cd73a82f gb-headline-text\">THI\u1ebeT K\u1ebe WEBSITE<\/h2>\n\n\n\n<p class=\"has-white-color has-text-color\" style=\"font-size:14px\">WordPress hay thi\u1ebft k\u1ebf theo nhu c\u1ea7u <\/p>\n\n\n\n<div class=\"wp-block-buttons is-layout-flex wp-block-buttons-is-layout-flex\">\n<div class=\"wp-block-button has-custom-width wp-block-button__width-75 is-style-outline is-style-outline--2\"><a class=\"wp-block-button__link has-vivid-cyan-blue-color has-black-background-color has-text-color has-background\" href=\"https:\/\/mtnconcept.net\/vi\/thiet-ke-website\" style=\"border-radius:3px\">Trang website<\/a><\/div>\n<\/div>\n\n<\/div><\/div><\/div>\n\n<div class=\"gb-grid-column gb-grid-column-be506424\"><div class=\"gb-container gb-container-be506424\"><div class=\"gb-inside-container\">\n\n<figure class=\"wp-block-image size-large\"><img loading=\"lazy\" decoding=\"async\" width=\"64\" height=\"64\" src=\"https:\/\/mtnconcept.net\/wp-content\/uploads\/2021\/05\/referencement-seo.png\" alt=\"\" class=\"wp-image-19674\"\/><\/figure>\n\n\n\n<h2 class=\"gb-headline gb-headline-0fa7c991 gb-headline-text\">CHU\u1ea8N SEO <\/h2>\n\n\n\n<p class=\"has-white-color has-text-color\" style=\"font-size:14px\">Qu\u1ea3ng c\u00e1o, k\u1ebft n\u1ed1i, t\u1ed1i \u01b0u h\u00f3a c\u00f4ng c\u1ee5 t\u00ecm ki\u1ebfm\u2026<\/p>\n\n\n\n<div class=\"wp-block-buttons is-layout-flex wp-block-buttons-is-layout-flex\">\n<div class=\"wp-block-button has-custom-width wp-block-button__width-75 is-style-outline is-style-outline--3\"><a class=\"wp-block-button__link has-vivid-cyan-blue-color has-black-background-color has-text-color has-background\" href=\"https:\/\/mtnconcept.net\/vi\/chuan-seo-toi-uu-hoa-cong-cu-tim-kiem\" style=\"border-radius:3px\">Qu\u1ea3ng c\u00e1o<\/a><\/div>\n<\/div>\n\n<\/div><\/div><\/div>\n\n<div class=\"gb-grid-column gb-grid-column-b01a9885\"><div class=\"gb-container gb-container-b01a9885\"><div class=\"gb-inside-container\">\n\n<figure class=\"wp-block-image size-large\"><img loading=\"lazy\" decoding=\"async\" width=\"64\" height=\"64\" src=\"https:\/\/mtnconcept.net\/wp-content\/uploads\/2021\/05\/community-management-smo.png\" alt=\"\" class=\"wp-image-19675\"\/><\/figure>\n\n\n\n<h2 class=\"gb-headline gb-headline-54207345 gb-headline-text\">C\u00c1C TRANG M\u1ea0NG X\u00c3 H\u1ed8I <\/h2>\n\n\n\n<p class=\"has-white-color has-text-color\" style=\"font-size:14px\">Facebook, twitter, instagram, etc. <\/p>\n\n\n\n<div class=\"wp-block-buttons is-layout-flex wp-block-buttons-is-layout-flex\">\n<div class=\"wp-block-button has-custom-width wp-block-button__width-75 is-style-outline is-style-outline--4\"><a class=\"wp-block-button__link has-vivid-cyan-blue-color has-black-background-color has-text-color has-background\" href=\"https:\/\/mtnconcept.net\/vi\/cac-trang-mang-xa-hoi-quang-cao-tren-mang-xa-hoi\/\" style=\"border-radius:3px\">C\u00e1c trang m\u1ea1ng x\u00e3 h\u1ed9i<\/a><\/div>\n<\/div>\n\n<\/div><\/div><\/div>\n<\/div>\n<\/div><\/div><\/div>\n<\/div>\n<\/div><div class=\"gb-shapes\"><div class=\"gb-shape gb-shape-1\"><svg xmlns=\"http:\/\/www.w3.org\/2000\/svg\" viewBox=\"0 0 1200 70\" preserveAspectRatio=\"none\"><path d=\"M1200 0v70H0V0h530l70 50 70-50z\"\/><\/svg><\/div><\/div><\/div>\n\n<div class=\"gb-container gb-container-268703eb\"><div class=\"gb-inside-container\">\n\n<h4 class=\"gb-headline gb-headline-422845c3\"><span class=\"gb-icon\"><svg aria-hidden=\"true\" role=\"img\" height=\"1em\" width=\"1em\" viewBox=\"0 0 384 512\" xmlns=\"http:\/\/www.w3.org\/2000\/svg\"><path fill=\"currentColor\" d=\"M97.12 362.63c-8.69-8.69-4.16-6.24-25.12-11.85-9.51-2.55-17.87-7.45-25.43-13.32L1.2 448.7c-4.39 10.77 3.81 22.47 15.43 22.03l52.69-2.01L105.56 507c8 8.44 22.04 5.81 26.43-4.96l52.05-127.62c-10.84 6.04-22.87 9.58-35.31 9.58-19.5 0-37.82-7.59-51.61-21.37zM382.8 448.7l-45.37-111.24c-7.56 5.88-15.92 10.77-25.43 13.32-21.07 5.64-16.45 3.18-25.12 11.85-13.79 13.78-32.12 21.37-51.62 21.37-12.44 0-24.47-3.55-35.31-9.58L252 502.04c4.39 10.77 18.44 13.4 26.43 4.96l36.25-38.28 52.69 2.01c11.62.44 19.82-11.27 15.43-22.03zM263 340c15.28-15.55 17.03-14.21 38.79-20.14 13.89-3.79 24.75-14.84 28.47-28.98 7.48-28.4 5.54-24.97 25.95-45.75 10.17-10.35 14.14-25.44 10.42-39.58-7.47-28.38-7.48-24.42 0-52.83 3.72-14.14-.25-29.23-10.42-39.58-20.41-20.78-18.47-17.36-25.95-45.75-3.72-14.14-14.58-25.19-28.47-28.98-27.88-7.61-24.52-5.62-44.95-26.41-10.17-10.35-25-14.4-38.89-10.61-27.87 7.6-23.98 7.61-51.9 0-13.89-3.79-28.72.25-38.89 10.61-20.41 20.78-17.05 18.8-44.94 26.41-13.89 3.79-24.75 14.84-28.47 28.98-7.47 28.39-5.54 24.97-25.95 45.75-10.17 10.35-14.15 25.44-10.42 39.58 7.47 28.36 7.48 24.4 0 52.82-3.72 14.14.25 29.23 10.42 39.59 20.41 20.78 18.47 17.35 25.95 45.75 3.72 14.14 14.58 25.19 28.47 28.98C104.6 325.96 106.27 325 121 340c13.23 13.47 33.84 15.88 49.74 5.82a39.676 39.676 0 0 1 42.53 0c15.89 10.06 36.5 7.65 49.73-5.82zM97.66 175.96c0-53.03 42.24-96.02 94.34-96.02s94.34 42.99 94.34 96.02-42.24 96.02-94.34 96.02-94.34-42.99-94.34-96.02z\"><\/path><\/svg><\/span><span class=\"gb-headline-text\">Ch\u00fang t\u00f4i lu\u00f4n \u0111\u1ed3ng h\u00e0nh c\u00f9ng v\u1edbi doanh nghi\u1ec7p trong m\u1ecdi t\u00ecnh hu\u1ed1ng, v\u1edbi m\u1ee9c chi ph\u00ed tr\u1ecdn g\u00f3i ho\u1eb7c t\u00f9y ch\u1ecdn ph\u00f9 h\u1ee3p v\u1edbi ng\u00e2n s\u00e1ch v\u00e0 v\u1edbi nhu c\u1ea7u \u0111\u1eb7c th\u00f9 c\u1ee7a doanh nghi\u1ec7p.<\/span><\/h4>\n\n\n\n<p class=\"gb-headline gb-headline-fb4f6a94 gb-headline-text\"><\/p>\n\n<\/div><div class=\"gb-shapes\"><div class=\"gb-shape gb-shape-1\"><svg xmlns=\"http:\/\/www.w3.org\/2000\/svg\" viewBox=\"0 0 1200 70\" preserveAspectRatio=\"none\"><path d=\"M670 50L600 0l-70 50H0v20h1200V50z\"\/><\/svg><\/div><\/div><\/div>\n\n\n<p><\/p>\n","protected":false},"excerpt":{"rendered":"<p>C\u00f4ng ty thi\u1ebft k\u1ebf website k\u1ef9 thu\u1eadt s\u1ed1. X\u00e2y d\u1ef1ng h\u00ecnh \u1ea3nh th\u01b0\u01a1ng hi\u1ec7u, Thi\u1ebft k\u1ebf, ph\u00e1t tri\u1ec3n website, d\u1ecbch v\u1ee5 SEO chuy\u00ean nghi\u1ec7p nh\u1eb1m thu h\u00fat kh\u00e1ch h\u00e0ng ti\u1ec1m n\u0103ng, ph\u00e1t tri\u1ec3n t\u1ed1i \u0111a c\u00e1c trang m\u1ea1ng x\u00e3 h\u1ed9i. D\u1ef1a v\u00e0o chi\u1ebfn l\u01b0\u1ee3c kinh doanh, ch\u00fang t\u00f4i thi\u1ebft k\u1ebf website, t\u0103ng th\u1ee9 h\u1ea1ng hi\u1ec3n &#8230; <a title=\"Trang ch\u1ee7\" class=\"read-more\" href=\"https:\/\/mtnconcept.net\/vi\/\" aria-label=\"More on Trang ch\u1ee7\">Read more<\/a><\/p>\n","protected":false},"author":1,"featured_media":0,"parent":0,"menu_order":0,"comment_status":"closed","ping_status":"closed","template":"","meta":{"footnotes":""},"class_list":["post-19894","page","type-page","status-publish"],"_links":{"self":[{"href":"https:\/\/mtnconcept.net\/vi\/wp-json\/wp\/v2\/pages\/19894","targetHints":{"allow":["GET"]}}],"collection":[{"href":"https:\/\/mtnconcept.net\/vi\/wp-json\/wp\/v2\/pages"}],"about":[{"href":"https:\/\/mtnconcept.net\/vi\/wp-json\/wp\/v2\/types\/page"}],"author":[{"embeddable":true,"href":"https:\/\/mtnconcept.net\/vi\/wp-json\/wp\/v2\/users\/1"}],"replies":[{"embeddable":true,"href":"https:\/\/mtnconcept.net\/vi\/wp-json\/wp\/v2\/comments?post=19894"}],"version-history":[{"count":7,"href":"https:\/\/mtnconcept.net\/vi\/wp-json\/wp\/v2\/pages\/19894\/revisions"}],"predecessor-version":[{"id":19931,"href":"https:\/\/mtnconcept.net\/vi\/wp-json\/wp\/v2\/pages\/19894\/revisions\/19931"}],"wp:attachment":[{"href":"https:\/\/mtnconcept.net\/vi\/wp-json\/wp\/v2\/media?parent=19894"}],"curies":[{"name":"wp","href":"https:\/\/api.w.org\/{rel}","templated":true}]}}